{"id":91,"date":"2018-05-04T12:09:45","date_gmt":"2018-05-04T10:09:45","guid":{"rendered":"http:\/\/asso-antenne.fr\/?page_id=91"},"modified":"2024-03-13T18:47:33","modified_gmt":"2024-03-13T17:47:33","slug":"nos-partenaires","status":"publish","type":"page","link":"https:\/\/asso-antenne.fr\/?page_id=91","title":{"rendered":"Nos partenaires"},"content":{"rendered":"<div id=\"imCel0_01\">\n<div id=\"imCel0_01_Cont\">\n<div id=\"imObj0_01\">\n<div id=\"imCel0_06\">\n<div id=\"imCel0_06_Cont\">\n<div id=\"imObj0_06\">\n<p style=\"text-align: justify;\"><span style=\"font-family: arial, helvetica, sans-serif; font-size: 12pt;\">L\u2019ensemble des actions mises en oeuvre par Antenne, est possible gr\u00e2ce au soutien financier :<\/span><\/p>\n<p style=\"text-align: center;\"><span style=\"font-size: 14pt; font-family: arial, helvetica, sans-serif;\"><strong>De l\u2019Union Europ\u00e9enne par le biais du Fonds Social Europ\u00e9en+<\/strong><\/span><\/p>\n<p><img loading=\"lazy\" decoding=\"async\" class=\"alignnone size-medium\" src=\"https:\/\/asso-antenne.fr\/wp-content\/uploads\/2024\/03\/Embleme-UE_base_Mentions_Cofinance-Bleu.png\" width=\"828\" height=\"178\" \/><\/p>\n<\/div>\n<\/div>\n<\/div>\n<\/div>\n<\/div>\n<\/div>\n<div id=\"imCel0_01\">\n<div id=\"imCel0_01_Cont\">\n<div id=\"imObj0_01\">\n<div id=\"imCel0_06\">\n<div id=\"imCel0_06_Cont\">\n<div id=\"imObj0_06\">\n<p style=\"text-align: justify;\">\n<\/div>\n<\/div>\n<\/div>\n<\/div>\n<\/div>\n<\/div>\n<div id=\"imCel0_03_Cont\">\n<div id=\"imObj0_03\">\n<p style=\"text-align: center;\"><span style=\"font-family: arial, helvetica, sans-serif;\"><em><span style=\"font-size: 12pt;\"><strong>L\u2019Atelier Passerelle Inform\u2019Action <\/strong><\/span><span style=\"font-size: 12pt;\"><strong>est cofinanc\u00e9 par le Fonds Social Europ\u00e9en <\/strong><\/span><span style=\"font-size: 12pt;\"><strong>dans le cadre du\u00a0 Programme Op\u00e9rationnel FSE+ Grand Est 2021-2027<br \/>\n<\/strong><\/span><\/em><\/span><\/p>\n<p style=\"text-align: center;\"><span style=\"font-family: arial, helvetica, sans-serif; font-size: 14pt;\"><strong>De la Collectivit\u00e9 Europ\u00e9enne d&rsquo;Alsace<br \/>\n<\/strong><\/span><\/p>\n<h3 id=\"imObj0_00\"><img loading=\"lazy\" decoding=\"async\" class=\"size-medium wp-image-489 aligncenter\" src=\"http:\/\/asso-antenne.fr\/wp-content\/uploads\/2021\/01\/CeA_logo_vertical_sur_fond_blanc-253x300.jpg\" alt=\"\" width=\"253\" height=\"300\" srcset=\"https:\/\/asso-antenne.fr\/wp-content\/uploads\/2021\/01\/CeA_logo_vertical_sur_fond_blanc-253x300.jpg 253w, https:\/\/asso-antenne.fr\/wp-content\/uploads\/2021\/01\/CeA_logo_vertical_sur_fond_blanc-864x1024.jpg 864w, https:\/\/asso-antenne.fr\/wp-content\/uploads\/2021\/01\/CeA_logo_vertical_sur_fond_blanc-768x911.jpg 768w, https:\/\/asso-antenne.fr\/wp-content\/uploads\/2021\/01\/CeA_logo_vertical_sur_fond_blanc-1295x1536.jpg 1295w, https:\/\/asso-antenne.fr\/wp-content\/uploads\/2021\/01\/CeA_logo_vertical_sur_fond_blanc-228x270.jpg 228w, https:\/\/asso-antenne.fr\/wp-content\/uploads\/2021\/01\/CeA_logo_vertical_sur_fond_blanc.jpg 1465w\" sizes=\"auto, (max-width: 253px) 100vw, 253px\" \/><\/h3>\n<\/div>\n<\/div>\n<div id=\"imCel0_03_Cont\">\n<div id=\"imObj0_03\">\n<p style=\"text-align: center;\"><span style=\"font-family: arial, helvetica, sans-serif;\"><strong><span style=\"font-size: 14pt;\">Des services de l\u2019Etat :<\/span><\/strong><\/span><\/p>\n<p style=\"text-align: center;\"><span style=\"font-family: arial, helvetica, sans-serif;\"><strong><span style=\"font-size: 12pt;\"><em>Direction D\u00e9partementale de l&rsquo;Emploi, du Travail et des Solidarit\u00e9s du Bas-Rhin<\/em><\/span><\/strong><\/span><br \/>\n<span style=\"font-family: arial, helvetica, sans-serif;\"><strong><span style=\"font-size: 12pt;\"><em> Administration P\u00e9nitentiaire<\/em><\/span><\/strong><\/span><\/p>\n<\/div>\n<\/div>\n<div id=\"imCel0_08_Cont\">\n<div id=\"imObj0_08\">\n<p><span style=\"font-family: arial, helvetica, sans-serif; font-size: 12pt;\"><img loading=\"lazy\" decoding=\"async\" class=\"aligncenter size-medium wp-image-489\" title=\"logo_etat\" src=\"https:\/\/associationantenne.files.wordpress.com\/2010\/04\/logo_etat.gif?w=300&amp;h=175\" alt=\"\" width=\"300\" height=\"175\" data-attachment-id=\"489\" data-permalink=\"https:\/\/associationantenne.wordpress.com\/nos-partenaires\/logo_etat\/\" data-orig-file=\"https:\/\/associationantenne.files.wordpress.com\/2010\/04\/logo_etat.gif\" data-orig-size=\"529,310\" data-comments-opened=\"1\" data-image-meta=\"{&quot;aperture&quot;:&quot;0&quot;,&quot;credit&quot;:&quot;&quot;,&quot;camera&quot;:&quot;&quot;,&quot;caption&quot;:&quot;&quot;,&quot;created_timestamp&quot;:&quot;0&quot;,&quot;copyright&quot;:&quot;&quot;,&quot;focal_length&quot;:&quot;0&quot;,&quot;iso&quot;:&quot;0&quot;,&quot;shutter_speed&quot;:&quot;0&quot;,&quot;title&quot;:&quot;&quot;}\" data-image-title=\"logo_etat\" data-image-description=\"\" data-medium-file=\"https:\/\/associationantenne.files.wordpress.com\/2010\/04\/logo_etat.gif?w=300&amp;h=175\" data-large-file=\"https:\/\/associationantenne.files.wordpress.com\/2010\/04\/logo_etat.gif?w=529\" \/><\/span><\/p>\n<h3><span style=\"font-family: arial, helvetica, sans-serif; font-size: 12pt;\">\u00a0<\/span><\/h3>\n<p style=\"text-align: center;\"><span style=\"font-family: arial, helvetica, sans-serif; font-size: 14pt;\"><strong>De l\u2019Eurom\u00e9tropole et de la Ville de Strasbourg<\/strong><\/span><\/p>\n<\/div>\n<\/div>\n<div id=\"imCel0_09_Cont\">\n<div id=\"imObj0_09\">\n<p><span style=\"font-family: arial, helvetica, sans-serif; font-size: 12pt;\"><img loading=\"lazy\" decoding=\"async\" class=\" wp-image-146 aligncenter\" src=\"http:\/\/asso-antenne.fr\/wp-content\/uploads\/2018\/05\/Eurom\u00e9tropole-300x80.png\" alt=\"\" width=\"356\" height=\"95\" srcset=\"https:\/\/asso-antenne.fr\/wp-content\/uploads\/2018\/05\/Eurom\u00e9tropole-300x80.png 300w, https:\/\/asso-antenne.fr\/wp-content\/uploads\/2018\/05\/Eurom\u00e9tropole.png 400w\" sizes=\"auto, (max-width: 356px) 100vw, 356px\" \/><\/span><\/p>\n<\/div>\n<\/div>\n<p id=\"imCel0_06\" style=\"text-align: justify;\"><span style=\"font-family: arial, helvetica, sans-serif; font-size: 12pt;\">\u00a0<\/span><\/p>\n<p style=\"text-align: justify;\"><span style=\"font-size: 12pt; font-family: arial, helvetica, sans-serif;\">Nos efforts et nos r\u00e9ussites, ne seraient pas possibles sans le soutien de nos partenaires institutionnels et associatifs, oeuvrant dans le champ social. Trop nombreux pour \u00eatre cit\u00e9s de mani\u00e8re exhaustive, ils se reconnaitrons. Qu\u2019ils soient remerci\u00e9s pour leur soutien tout au long de l\u2019ann\u00e9e.<\/span><\/p>\n<p style=\"text-align: justify;\"><span style=\"font-size: 12pt; font-family: arial, helvetica, sans-serif;\">Nous voudrions enfin associer \u00e0 nos partenaires, l\u2019ensemble des personnes accompagn\u00e9es par la structure, et qui donnent beaucoup d\u2019elles-m\u00eame durant toute l\u2019ann\u00e9e.<\/span><\/p>\n<div id=\"sconnect-is-installed\" style=\"display: none;\">2.13.0.0<\/div>\n<div id=\"sconnect-is-installed\" style=\"display: none;\">2.13.0.0<\/div>\n","protected":false},"excerpt":{"rendered":"<p>L\u2019ensemble des actions mises en oeuvre par Antenne, est possible gr\u00e2ce au soutien financier : De l\u2019Union Europ\u00e9enne par le biais du Fonds Social Europ\u00e9en+ L\u2019Atelier Passerelle Inform\u2019Action est cofinanc\u00e9 par le Fonds Social Europ\u00e9en dans le cadre du\u00a0 Programme&hellip;&nbsp;<a href=\"https:\/\/asso-antenne.fr\/?page_id=91\" class=\"more-link\">Lire la suite<\/a><\/p>\n","protected":false},"author":1,"featured_media":0,"parent":0,"menu_order":0,"comment_status":"closed","ping_status":"closed","template":"","meta":{"footnotes":""},"class_list":["post-91","page","type-page","status-publish","hentry"],"_links":{"self":[{"href":"https:\/\/asso-antenne.fr\/index.php?rest_route=\/wp\/v2\/pages\/91","targetHints":{"allow":["GET"]}}],"collection":[{"href":"https:\/\/asso-antenne.fr\/index.php?rest_route=\/wp\/v2\/pages"}],"about":[{"href":"https:\/\/asso-antenne.fr\/index.php?rest_route=\/wp\/v2\/types\/page"}],"author":[{"embeddable":true,"href":"https:\/\/asso-antenne.fr\/index.php?rest_route=\/wp\/v2\/users\/1"}],"replies":[{"embeddable":true,"href":"https:\/\/asso-antenne.fr\/index.php?rest_route=%2Fwp%2Fv2%2Fcomments&post=91"}],"version-history":[{"count":13,"href":"https:\/\/asso-antenne.fr\/index.php?rest_route=\/wp\/v2\/pages\/91\/revisions"}],"predecessor-version":[{"id":892,"href":"https:\/\/asso-antenne.fr\/index.php?rest_route=\/wp\/v2\/pages\/91\/revisions\/892"}],"wp:attachment":[{"href":"https:\/\/asso-antenne.fr\/index.php?rest_route=%2Fwp%2Fv2%2Fmedia&parent=91"}],"curies":[{"name":"wp","href":"https:\/\/api.w.org\/{rel}","templated":true}]}}