{"id":650,"date":"2022-08-10T16:54:54","date_gmt":"2022-08-10T14:54:54","guid":{"rendered":"https:\/\/asso-antenne.fr\/?page_id=650"},"modified":"2022-08-10T16:54:54","modified_gmt":"2022-08-10T14:54:54","slug":"le-service-equipe-mobile-hotels","status":"publish","type":"page","link":"https:\/\/asso-antenne.fr\/?page_id=650","title":{"rendered":"Le Service Equipe Mobile H\u00f4tels"},"content":{"rendered":"<p style=\"text-align: justify;\"><span style=\"font-family: arial, helvetica, sans-serif;\">En 2022, l&rsquo;association Antenne a propos\u00e9 la mise en oeuvre d&rsquo;une action exp\u00e9rimentale, en partenariat avec la DDETS du Bas-Rhin et le SIAO67, \u00e0 travers la constitution d&rsquo;une Equipe Mobile H\u00f4tel charg\u00e9e de la r\u00e9alisation de bilans-diagnostics et d\u2019\u00e9valuations dans le cadre de la sortie des dispositifs h\u00f4teliers des personnes sans abri.<\/span><\/p>\n<p style=\"text-align: justify;\"><span style=\"font-family: arial, helvetica, sans-serif;\">Depuis de nombreuses ann\u00e9es, le dispositif h\u00f4telier est massivement mobilis\u00e9 dans le cadre de la mise \u00e0 l\u2019abri de personnes sans abri pr\u00e9sentes sur le territoire de l\u2019Eurom\u00e9tropole de Strasbourg. La croissance exponentielle du recours \u00e0 ce type de dispositif et les co\u00fbts g\u00e9n\u00e9r\u00e9s deviennent aujourd\u2019hui difficilement supportables et gr\u00e8vent d\u2019autant le BOP 177. Malgr\u00e9 les plans de r\u00e9duction de nuit\u00e9es h\u00f4teli\u00e8res qui se sont succ\u00e9d\u00e9s ces derni\u00e8res ann\u00e9es, le ph\u00e9nom\u00e8ne de recours \u00e0 l\u2019h\u00f4tel, n\u2019a pas pu ni se r\u00e9duire, ni \u00eatre contenu.<\/span><\/p>\n<p style=\"text-align: justify;\"><span style=\"font-family: arial, helvetica, sans-serif;\">Dans le cadre de l\u2019instruction des orientations pos\u00e9es par l\u2019instruction DIHAL du 26 mai 2021 et qui fixe les conditions de la transformation qualitative du parc d\u2019h\u00e9bergement d\u2019ici 2024, figure la question de la r\u00e9duction des places d\u2019urgence du dispositif h\u00f4telier.<\/span><\/p>\n<p style=\"text-align: justify;\"><span style=\"font-family: arial, helvetica, sans-serif;\">Par ailleurs un nombre important de personnes h\u00e9berg\u00e9es \u00e0 l\u2019h\u00f4tel, n\u2019a pas fait l\u2019objet d\u2019une \u00e9valuation sociale et d\u2019un bilan-diagnostic de sa situation qui vise \u00e0 pouvoir l\u2019orienter sur des dispositifs ad\u00e9quats dont rel\u00e8vent les m\u00e9nages. Pour d\u2019autres m\u00e9nages (personnes isol\u00e9es ou groupes de personnes) qui ont pu b\u00e9n\u00e9ficier de cette \u00e9valuation et bilan au printemps et \u00e0 l\u2019\u00e9t\u00e9 2021, et pour qui un dossier SI SIAO a pu \u00eatre ouvert, aucune suite n\u2019a pu \u00eatre donn\u00e9e car faute d\u2019actualisation, la demande a \u00e9t\u00e9 annul\u00e9e.<\/span><\/p>\n<p style=\"text-align: justify;\"><span style=\"font-family: arial, helvetica, sans-serif;\">Les effectifs actuels du SIAO67 ne permettent pas de mettre oeuvre ce travail de remise en place des demandes et d\u00e8s lors il est n\u00e9cessaire de monter une \u00e9quipe sp\u00e9cifique d\u00e9di\u00e9e \u00e0 ce travail d\u2019\u00e9valuation, de bilan-diagnostic et de remise \u00e0 jour des dossiers d\u00e9j\u00e0 existants.<\/span><\/p>\n<p style=\"text-align: justify;\"><span style=\"font-family: arial, helvetica, sans-serif;\">C\u2019est ainsi que l\u2019association Antenne s&rsquo;est propos\u00e9 de monter une \u00e9quipe mobile h\u00f4tel qui se charge de cette mission, en \u00e9troite collaboration avec le SIAO67 dans le cadre d\u2019une action coordonn\u00e9e par ce dernier.<\/span><\/p>\n<p style=\"text-align: justify;\"><span style=\"font-family: arial, helvetica, sans-serif;\">Le travail d\u2019\u00e9valuation et de bilan-diagnostic, ainsi que la mise \u00e0 jour des situations et dossiers SI-SIAO des usagers d\u00e9j\u00e0 recens\u00e9s sont r\u00e9alis\u00e9s par une \u00e9quipe de travailleurs sociaux embauch\u00e9s par Antenne sp\u00e9cifiquement pour le projet. La mission doit permettre la constitution de dossier SI SIAO pour les personnes et m\u00e9nages d\u00e9sign\u00e9s par le SIAO67 (transmission d\u2019une liste des personnes \u00e0 rencontrer chaque semaine). Sur la base de ce listing, l\u2019\u00e9quipe mobile h\u00f4tel d\u2019Antenne se rend, soit au sein des h\u00f4tels concern\u00e9s (environs 30 h\u00f4tels \u00e0 ce jour) soit rencontre les personnes dans un local d\u00e9di\u00e9 \u00e0 l\u2019op\u00e9ration (pour les personnes pr\u00e9sentes en places diffuses sur quelques h\u00f4tels).<\/span><\/p>\n<p style=\"text-align: justify;\"><span style=\"font-family: arial, helvetica, sans-serif;\">Ce travail de constitution des dossiers SI SIAO permet dans un second temps au SIAO67 de traiter les demandes dans le cadre des r\u00e9orientations vers les dispositifs ad\u00e9quats et adapt\u00e9s au situation \u00e9valu\u00e9es.<\/span><\/p>\n<p><span style=\"font-family: arial, helvetica, sans-serif;\">En dehors de la constitution des dossiers SI SIAO, l\u2019\u00e9quipe mobile d\u2019Antenne n\u2019intervient pas dans l\u2019accompagnement social global des personnes rencontr\u00e9es. Un lien cependant est r\u00e9alis\u00e9 avec les r\u00e9f\u00e9rents des personnes lorsqu\u2019il en existe un.<\/span><\/p>\n<p style=\"text-align: justify;\"><span style=\"font-family: arial, helvetica, sans-serif;\">Le public cible de l\u2019action est constitu\u00e9 de l\u2019ensemble des personnes pr\u00e9sentes en dispositif h\u00f4telier (isol\u00e9s et familles), toute situations administratives confondues, mais avec une priorisation des situations les plus proches de l\u2019insertion et d\u2019une possibilit\u00e9 de sortie rapide.<\/span><\/p>\n<p style=\"text-align: justify;\"><span style=\"font-family: arial, helvetica, sans-serif;\">L\u2019\u00e9quipe mobile d\u2019Antenne est constitu\u00e9e de 3 bin\u00f4mes qui se rendent dans les h\u00f4tels et\/ou dans le local d\u00e9di\u00e9 \u00e0 l\u2019action. Chaque bin\u00f4me est constitu\u00e9 d\u2019un travailleur social dipl\u00f4m\u00e9 et d\u2019un intervenant social m\u00e9diateur maitrisant plusieurs langues \u00e9trang\u00e8res. Ce type de comp\u00e9tences sociales et multilingues doit permettre de faciliter le recueil des donn\u00e9es, de fa\u00e7on objective afin d\u2019avoir une \u00e9valuation la plus fine possible, gage d\u2019efficience.<\/span><\/p>\n<p style=\"text-align: justify;\"><span style=\"font-family: arial, helvetica, sans-serif;\">L\u2019\u00e9quipe est dot\u00e9e de l\u2019\u00e9quipement nomade n\u00e9cessaire (ordinateur, t\u00e9l\u00e9phone, scanner, imprimante, etc \u2026) afin de proc\u00e9der en temps r\u00e9el au travail de saisie des SI SIAO et permet de se coordonner avec les p\u00f4les du SIAO67.<\/span><\/p>\n<p style=\"text-align: justify;\"><span style=\"font-family: arial, helvetica, sans-serif;\">A l\u2019issue du premier travail de saisie des situations dans le SI SIAO, un travail d\u2019actualisation et de suivi est r\u00e9alis\u00e9 en s\u2019appuyant sur le tableau de bord du SIAO. <\/span><\/p>\n<div id=\"sconnect-is-installed\" style=\"display: none;\">2.13.0.0<\/div>\n<div id=\"sconnect-is-installed\" style=\"display: none;\">2.13.0.0<\/div>\n<div id=\"sconnect-is-installed\" style=\"display: none;\">2.13.0.0<\/div>\n<div id=\"sconnect-is-installed\" style=\"display: none;\">2.13.0.0<\/div>\n","protected":false},"excerpt":{"rendered":"<p>En 2022, l&rsquo;association Antenne a propos\u00e9 la mise en oeuvre d&rsquo;une action exp\u00e9rimentale, en partenariat avec la DDETS du Bas-Rhin et le SIAO67, \u00e0 travers la constitution d&rsquo;une Equipe Mobile H\u00f4tel charg\u00e9e de la r\u00e9alisation de bilans-diagnostics et d\u2019\u00e9valuations dans&hellip;&nbsp;<a href=\"https:\/\/asso-antenne.fr\/?page_id=650\" class=\"more-link\">Lire la suite<\/a><\/p>\n","protected":false},"author":1,"featured_media":0,"parent":113,"menu_order":0,"comment_status":"closed","ping_status":"closed","template":"","meta":{"footnotes":""},"class_list":["post-650","page","type-page","status-publish","hentry"],"_links":{"self":[{"href":"https:\/\/asso-antenne.fr\/index.php?rest_route=\/wp\/v2\/pages\/650","targetHints":{"allow":["GET"]}}],"collection":[{"href":"https:\/\/asso-antenne.fr\/index.php?rest_route=\/wp\/v2\/pages"}],"about":[{"href":"https:\/\/asso-antenne.fr\/index.php?rest_route=\/wp\/v2\/types\/page"}],"author":[{"embeddable":true,"href":"https:\/\/asso-antenne.fr\/index.php?rest_route=\/wp\/v2\/users\/1"}],"replies":[{"embeddable":true,"href":"https:\/\/asso-antenne.fr\/index.php?rest_route=%2Fwp%2Fv2%2Fcomments&post=650"}],"version-history":[{"count":4,"href":"https:\/\/asso-antenne.fr\/index.php?rest_route=\/wp\/v2\/pages\/650\/revisions"}],"predecessor-version":[{"id":661,"href":"https:\/\/asso-antenne.fr\/index.php?rest_route=\/wp\/v2\/pages\/650\/revisions\/661"}],"up":[{"embeddable":true,"href":"https:\/\/asso-antenne.fr\/index.php?rest_route=\/wp\/v2\/pages\/113"}],"wp:attachment":[{"href":"https:\/\/asso-antenne.fr\/index.php?rest_route=%2Fwp%2Fv2%2Fmedia&parent=650"}],"curies":[{"name":"wp","href":"https:\/\/api.w.org\/{rel}","templated":true}]}}