{"id":648,"date":"2022-08-10T16:30:43","date_gmt":"2022-08-10T14:30:43","guid":{"rendered":"https:\/\/asso-antenne.fr\/?page_id=648"},"modified":"2022-08-10T16:30:43","modified_gmt":"2022-08-10T14:30:43","slug":"le-service-hebergement-a-visee-professionnelle","status":"publish","type":"page","link":"https:\/\/asso-antenne.fr\/?page_id=648","title":{"rendered":"Le Service H\u00e9bergement \u00e0 Vis\u00e9e Professionnelle"},"content":{"rendered":"<p style=\"text-align: justify;\"><span style=\"font-family: arial, helvetica, sans-serif;\">Depuis le mois d&rsquo;avril 2022, l&rsquo;association Antenne met en oeuvre un dispositif exp\u00e9rimental d\u2019h\u00e9bergement intercalaire situ\u00e9 entre l\u2019urgence et le logement accompagn\u00e9 de 30 places \u00e0 destination de personnes isol\u00e9es \u00e0 la rue relevant du droit commun et proches de l\u2019emploi.<\/span><\/p>\n<p style=\"text-align: justify;\"><span style=\"font-family: arial, helvetica, sans-serif;\">L\u2019h\u00e9bergement mis en oeuvre s\u2019inscrit dans un dispositif en logement diffus sur la base d\u2019un semi-collectif (cohabitation de personnes h\u00e9berg\u00e9es au sein d\u2019un logement de type F3 ou F4, chaque personne disposant de sa chambre avec partage des parties communes).<\/span><\/p>\n<p style=\"text-align: justify;\"><span style=\"font-family: arial, helvetica, sans-serif;\">Le dispositif propose une prise en charge sur une p\u00e9riode de 6 mois (\u00e9ventuellement renouvelable une fois). Durant cette p\u00e9riode, chaque personne h\u00e9berg\u00e9e b\u00e9n\u00e9ficie d\u2019un accompagnement social et professionnel renforc\u00e9 visant l\u2019acc\u00e8s \u00e0 un emploi et\/ou une formation qualifiante ainsi que l\u2019acc\u00e8s \u00e0 un logement autonome.<\/span><\/p>\n<p style=\"text-align: justify;\"><span style=\"font-family: arial, helvetica, sans-serif;\">L\u2019acc\u00e8s au dispositif passe par une orientation du P\u00f4le Insertion du SIAO67 et \u00e0 l\u2019issue d\u2019un entretien de pr\u00e9-admission avec un r\u00e9f\u00e9rent social et un conseiller en insertion professionnelle visant \u00e0 \u00e9valuer les motivations, capacit\u00e9s et implications des candidats. Lors de l\u2019admission, un contrat de s\u00e9jour et d\u2019h\u00e9bergement temporaire est sign\u00e9 entre le candidat retenu et l\u2019association qui fixe les droits, devoirs et engagements r\u00e9ciproques de chacune des parties.<\/span><\/p>\n<p style=\"text-align: justify;\"><span style=\"font-family: arial, helvetica, sans-serif;\">Un programme p\u00e9dagogique de mont\u00e9es en comp\u00e9tences sociales et professionnelles est mis en oeuvre durant tout le parcours du r\u00e9sident et donne lieu \u00e0 des bilans-\u00e9valuations de fa\u00e7on bimestrielle.<\/span><\/p>\n<p style=\"text-align: justify;\"><span style=\"font-family: arial, helvetica, sans-serif;\">Lorsque le r\u00e9sident b\u00e9n\u00e9ficie de ressources financi\u00e8res, il lui est demand\u00e9 une participation financi\u00e8re \u00e0 hauteur de 15% de ses revenus.<\/span><\/p>\n<p style=\"text-align: justify;\"><span style=\"font-family: arial, helvetica, sans-serif;\">L\u2019accompagnement social renforc\u00e9 vise le d\u00e9veloppement des comp\u00e9tences li\u00e9es au savoir-habiter et \u00e0 la gestion autonome d\u2019un logement, la r\u00e9solution des difficult\u00e9s p\u00e9riph\u00e9riques \u00e0 l\u2019acc\u00e8s au logement (sant\u00e9, budget, situation administrative, instruction des demandes de logement et ACD, recherche de logement dans le parc priv\u00e9, mobilisation du FSL, etc \u2026) dans le cadre d\u2019ateliers collectifs et d\u2019un suivi individuel personnalis\u00e9 pour chaque r\u00e9sident.<\/span><\/p>\n<p style=\"text-align: justify;\"><span style=\"font-family: arial, helvetica, sans-serif;\">L\u2019accompagnement professionnel renforc\u00e9 vise l\u2019\u00e9laboration du projet professionnel du r\u00e9sident et met en oeuvre ce dernier en termes d\u2019accompagnement \u00e0 l\u2019emploi ou d\u2019acc\u00e8s \u00e0 la formation qualifiante. Pour ce faire, diff\u00e9rents outils et partenariats sont mobilis\u00e9s (ateliers passerelle, service public de l\u2019emploi, structures de l\u2019IAE, organismes de formation, etc \u2026). L\u00e0 aussi, l\u2019alternance entre temps d\u2019accompagnement en collectif et temps d\u2019accompagnement individuel personnalis\u00e9 est recherch\u00e9 pour chaque r\u00e9sident. Un effort particulier sera r\u00e9alis\u00e9 pour travailler l\u2019acc\u00e8s \u00e0 l\u2019emploi sur les m\u00e9tiers dits en tension afin de r\u00e9pondre aux besoins des entreprises (b\u00e2timent, h\u00f4tellerie-restauration, services \u00e0 la personne en particulier).<\/span><\/p>\n<p style=\"text-align: justify;\"><span style=\"font-family: arial, helvetica, sans-serif;\">La sortie du dispositif est li\u00e9e soit \u00e0 l\u2019acc\u00e8s \u00e0 un logement (d\u00e8s lors que les ressources financi\u00e8res le permettent) soit \u00e0 une demande de fin de prise en charge de la part du r\u00e9sident (abandon) ou de l\u2019association (non-adh\u00e9sion au parcours propos\u00e9 ou comportement mettant le collectif en danger).<\/span><\/p>\n<div id=\"sconnect-is-installed\" style=\"display: none;\">2.13.0.0<\/div>\n<div id=\"sconnect-is-installed\" style=\"display: none;\">2.13.0.0<\/div>\n<div id=\"sconnect-is-installed\" style=\"display: none;\">2.13.0.0<\/div>\n","protected":false},"excerpt":{"rendered":"<p>Depuis le mois d&rsquo;avril 2022, l&rsquo;association Antenne met en oeuvre un dispositif exp\u00e9rimental d\u2019h\u00e9bergement intercalaire situ\u00e9 entre l\u2019urgence et le logement accompagn\u00e9 de 30 places \u00e0 destination de personnes isol\u00e9es \u00e0 la rue relevant du droit commun et proches de&hellip;&nbsp;<a href=\"https:\/\/asso-antenne.fr\/?page_id=648\" class=\"more-link\">Lire la suite<\/a><\/p>\n","protected":false},"author":1,"featured_media":0,"parent":113,"menu_order":0,"comment_status":"closed","ping_status":"closed","template":"","meta":{"footnotes":""},"class_list":["post-648","page","type-page","status-publish","hentry"],"_links":{"self":[{"href":"https:\/\/asso-antenne.fr\/index.php?rest_route=\/wp\/v2\/pages\/648","targetHints":{"allow":["GET"]}}],"collection":[{"href":"https:\/\/asso-antenne.fr\/index.php?rest_route=\/wp\/v2\/pages"}],"about":[{"href":"https:\/\/asso-antenne.fr\/index.php?rest_route=\/wp\/v2\/types\/page"}],"author":[{"embeddable":true,"href":"https:\/\/asso-antenne.fr\/index.php?rest_route=\/wp\/v2\/users\/1"}],"replies":[{"embeddable":true,"href":"https:\/\/asso-antenne.fr\/index.php?rest_route=%2Fwp%2Fv2%2Fcomments&post=648"}],"version-history":[{"count":3,"href":"https:\/\/asso-antenne.fr\/index.php?rest_route=\/wp\/v2\/pages\/648\/revisions"}],"predecessor-version":[{"id":658,"href":"https:\/\/asso-antenne.fr\/index.php?rest_route=\/wp\/v2\/pages\/648\/revisions\/658"}],"up":[{"embeddable":true,"href":"https:\/\/asso-antenne.fr\/index.php?rest_route=\/wp\/v2\/pages\/113"}],"wp:attachment":[{"href":"https:\/\/asso-antenne.fr\/index.php?rest_route=%2Fwp%2Fv2%2Fmedia&parent=648"}],"curies":[{"name":"wp","href":"https:\/\/api.w.org\/{rel}","templated":true}]}}