{"id":642,"date":"2022-08-10T16:20:16","date_gmt":"2022-08-10T14:20:16","guid":{"rendered":"https:\/\/asso-antenne.fr\/?page_id=642"},"modified":"2022-08-10T16:22:09","modified_gmt":"2022-08-10T14:22:09","slug":"le-s-a-s-a-i-d","status":"publish","type":"page","link":"https:\/\/asso-antenne.fr\/?page_id=642","title":{"rendered":"Le S.A.S &#8211; A.I.D."},"content":{"rendered":"<p style=\"text-align: justify;\"><span style=\"font-family: arial, helvetica, sans-serif;\">La crise sanitaire \u00e9conomique et sociale que le pays a travers\u00e9 au cours de l&rsquo;ann\u00e9e 2020 a \u00e9t\u00e9 un \u00e9l\u00e9ment d\u00e9clencheur dans la cr\u00e9ation d\u2019un certain nombre de places d\u2019h\u00e9bergement (+ 240.000 places en France). En effet, les places d\u2019h\u00f4tel n\u2019offraient qu\u2019une solution temporaire au confinement des personnes sans-abris. A Strasbourg, 60 personnes sortant d\u2019incarc\u00e9ration avaient \u00e9t\u00e9 rep\u00e9r\u00e9es en h\u00e9bergement h\u00f4telier durant le confinement. Cette situation demandait la construction d\u2019une r\u00e9ponse adapt\u00e9e pour le relogement de ces personnes au moment du d\u00e9confinement.<\/span><\/p>\n<p style=\"text-align: justify;\"><span style=\"font-family: arial, helvetica, sans-serif;\">B\u00e9n\u00e9ficiant d\u2019une reconnaissance certaine dans l\u2019accompagnement des personnes plac\u00e9es sous mains de justice, les services de l&rsquo;Etat ont sollicit\u00e9 l\u2019association ANTENNE pour l\u2019ouverture rapide d\u2019un nouveau service d\u00e9di\u00e9 \u00e0 l\u2019accueil des personnes sortant de prison puis d\u2019h\u00f4tel, o\u00f9 elles \u00e9taient jusqu\u2019alors confin\u00e9es.<\/span><\/p>\n<p style=\"text-align: justify;\"><span style=\"font-family: arial, helvetica, sans-serif;\">Cette sp\u00e9cificit\u00e9 est m\u00eame explicit\u00e9e dans l\u2019appellation du service puisqu\u2019il est d\u00e9nomm\u00e9 S.A.S. &#8211; A.I.D. (Service Accompagnement Social Antenne Inclusion Diffus) \u2013 \u00abSortants de prison\u00bb. Rattach\u00e9 au site Meinau de l\u2019association ANTENNE, il se d\u00e9cline sous la forme de places en h\u00e9bergement de stabilisation. D\u2019une capacit\u00e9 d\u2019accueil de 10 places au cours de l\u2019\u00e9t\u00e9 2020, celle-ci a \u00e9t\u00e9 port\u00e9e \u00e0 20 places \u00e0 la fin de l\u2019automne puis \u00e0 30 places \u00e0 compter du 1er janvier 2021.<br \/>\n<\/span><\/p>\n<p><span style=\"font-family: arial, helvetica, sans-serif;\">En tant que service d\u2019h\u00e9bergement de stabilisation, le S.A.S &#8211; A.I.D r\u00e9pond \u00e0 un certain nombre de crit\u00e8res d\u00e9finis par le l\u00e9gislateur et la DDETS du Bas-Rhin :<\/span><\/p>\n<ul>\n<li style=\"text-align: justify;\"><span style=\"font-family: arial, helvetica, sans-serif;\">Prise en charge inconditionnelle, <\/span><\/li>\n<li style=\"text-align: justify;\"><span style=\"font-family: arial, helvetica, sans-serif;\">Dur\u00e9e de la prise en charge illimit\u00e9e, <\/span><\/li>\n<li style=\"text-align: justify;\"><span style=\"font-family: arial, helvetica, sans-serif;\">Mission d\u2019h\u00e9berger les personnes en situation d\u2019exclusion tout en leur proposant un parcours inclusif afin de leur permettre d\u2019aller vers plus d\u2019autonomie (logement, emploi, situation administrative).<\/span><\/li>\n<\/ul>\n<p style=\"text-align: justify;\"><span style=\"font-family: arial, helvetica, sans-serif;\">L\u2019accueil et la prise en charge des personnes orient\u00e9es sont r\u00e9alis\u00e9s en h\u00e9bergement diffus de type semi-collectif par le biais de la mise \u00e0 disposition d&rsquo;appartements de type T3 et T4, situ\u00e9s sur le territoire de l\u2019Eurom\u00e9tropole de Strasbourg.<\/span><\/p>\n<p style=\"text-align: justify;\"><span style=\"font-family: arial, helvetica, sans-serif;\">Chaque personne accueillie dispose de la cl\u00e9 d\u2019une chambre individuelle et partage les parties communes (cuisine, toilettes et salle de bains) d\u2019un logement avec 2 voire 3 autres co-h\u00e9berg\u00e9s.<\/span><\/p>\n<p style=\"text-align: justify;\"><span style=\"font-family: arial, helvetica, sans-serif;\">L\u2019orientation des personnes accueillies est faite par le SIAO67 \u00e0 partir des pr\u00e9conisations faites par les travailleurs sociaux les accompagnant pr\u00e9c\u00e9demment. (Assistante sociale de secteur, Assistante sociale du SPIP (Service P\u00e9nitentiaire d\u2019Insertion et de Probation), r\u00e9f\u00e9rents RSA, travailleurs sociaux intervenants en h\u00f4tel,\u2026). Il s\u2019agit d\u2019hommes isol\u00e9s, relevant du droit commun.<\/span><\/p>\n<div id=\"sconnect-is-installed\" style=\"display: none;\">2.13.0.0<\/div>\n<div id=\"sconnect-is-installed\" style=\"display: none;\">2.13.0.0<\/div>\n<div id=\"sconnect-is-installed\" style=\"display: none;\">2.13.0.0<\/div>\n<div id=\"sconnect-is-installed\" style=\"display: none;\">2.13.0.0<\/div>\n<div id=\"sconnect-is-installed\" style=\"display: none;\">2.13.0.0<\/div>\n","protected":false},"excerpt":{"rendered":"<p>La crise sanitaire \u00e9conomique et sociale que le pays a travers\u00e9 au cours de l&rsquo;ann\u00e9e 2020 a \u00e9t\u00e9 un \u00e9l\u00e9ment d\u00e9clencheur dans la cr\u00e9ation d\u2019un certain nombre de places d\u2019h\u00e9bergement (+ 240.000 places en France). En effet, les places d\u2019h\u00f4tel&hellip;&nbsp;<a href=\"https:\/\/asso-antenne.fr\/?page_id=642\" class=\"more-link\">Lire la suite<\/a><\/p>\n","protected":false},"author":1,"featured_media":0,"parent":113,"menu_order":0,"comment_status":"closed","ping_status":"closed","template":"","meta":{"footnotes":""},"class_list":["post-642","page","type-page","status-publish","hentry"],"_links":{"self":[{"href":"https:\/\/asso-antenne.fr\/index.php?rest_route=\/wp\/v2\/pages\/642","targetHints":{"allow":["GET"]}}],"collection":[{"href":"https:\/\/asso-antenne.fr\/index.php?rest_route=\/wp\/v2\/pages"}],"about":[{"href":"https:\/\/asso-antenne.fr\/index.php?rest_route=\/wp\/v2\/types\/page"}],"author":[{"embeddable":true,"href":"https:\/\/asso-antenne.fr\/index.php?rest_route=\/wp\/v2\/users\/1"}],"replies":[{"embeddable":true,"href":"https:\/\/asso-antenne.fr\/index.php?rest_route=%2Fwp%2Fv2%2Fcomments&post=642"}],"version-history":[{"count":5,"href":"https:\/\/asso-antenne.fr\/index.php?rest_route=\/wp\/v2\/pages\/642\/revisions"}],"predecessor-version":[{"id":656,"href":"https:\/\/asso-antenne.fr\/index.php?rest_route=\/wp\/v2\/pages\/642\/revisions\/656"}],"up":[{"embeddable":true,"href":"https:\/\/asso-antenne.fr\/index.php?rest_route=\/wp\/v2\/pages\/113"}],"wp:attachment":[{"href":"https:\/\/asso-antenne.fr\/index.php?rest_route=%2Fwp%2Fv2%2Fmedia&parent=642"}],"curies":[{"name":"wp","href":"https:\/\/api.w.org\/{rel}","templated":true}]}}