{"id":205,"date":"2018-05-09T13:35:55","date_gmt":"2018-05-09T11:35:55","guid":{"rendered":"http:\/\/asso-antenne.fr\/?page_id=205"},"modified":"2018-05-11T19:10:01","modified_gmt":"2018-05-11T17:10:01","slug":"les-centres-hivernaux","status":"publish","type":"page","link":"https:\/\/asso-antenne.fr\/?page_id=205","title":{"rendered":"Le Service H\u00e9bergements Hivernaux"},"content":{"rendered":"<p style=\"text-align: justify;\"><span style=\"font-family: arial, helvetica, sans-serif;\"><img loading=\"lazy\" decoding=\"async\" class=\"size-medium wp-image-306 alignleft\" src=\"http:\/\/asso-antenne.fr\/wp-content\/uploads\/2018\/05\/20140130_160244-300x225.jpg\" alt=\"\" width=\"300\" height=\"225\" srcset=\"https:\/\/asso-antenne.fr\/wp-content\/uploads\/2018\/05\/20140130_160244-300x225.jpg 300w, https:\/\/asso-antenne.fr\/wp-content\/uploads\/2018\/05\/20140130_160244-360x270.jpg 360w, https:\/\/asso-antenne.fr\/wp-content\/uploads\/2018\/05\/20140130_160244.jpg 640w\" sizes=\"auto, (max-width: 300px) 100vw, 300px\" \/>Depuis 2009, l&rsquo;association est sollicit\u00e9e chaque ann\u00e9e par les pouvoirs publics dans la mise en oeuvre des h\u00e9bergements d&rsquo;urgence-mise \u00e0 l&rsquo;abri durant la p\u00e9riode hivernale. <\/span><\/p>\n<p style=\"text-align: justify;\"><span style=\"font-family: arial, helvetica, sans-serif;\">Appr\u00e9ci\u00e9 pour notre ma\u00eetrise logistique, notre capacit\u00e9 d&rsquo;adaptation et de mise en oeuvre rapide de ce type de dispositif, les pouvoirs publics nous ont renouvel\u00e9s ann\u00e9e apr\u00e8s ann\u00e9e leur confiance. De m\u00eame, les publics h\u00e9berg\u00e9s nous ont exprim\u00e9 \u00e0 maintes reprises leur satisfaction quand \u00e0 la prise en charge qui leur a \u00e9t\u00e9 propos\u00e9e.<\/span><\/p>\n<p style=\"text-align: justify;\"><span style=\"font-family: arial, helvetica, sans-serif;\">Outre la mise \u00e0 l&rsquo;abri, cette p\u00e9riode est mise \u00e0 profit pour \u00e9laborer et mettre en oeuvre un travail renforc\u00e9 de recherche de solution d&rsquo;h\u00e9bergement ou de logement p\u00e9renne \u00e0 l&rsquo;issue de la p\u00e9riode hivernale. Ce travail est rendu possible gr\u00e2ce \u00e0 une coordination renforc\u00e9e avec le SIAO 67, les services de l&rsquo;Etat et nos partenaires associatifs.<\/span><\/p>\n<p style=\"text-align: justify;\"><span style=\"font-family: arial, helvetica, sans-serif;\"><img loading=\"lazy\" decoding=\"async\" class=\"size-medium wp-image-305 alignleft\" src=\"http:\/\/asso-antenne.fr\/wp-content\/uploads\/2018\/05\/100_3201-225x300.jpg\" alt=\"\" width=\"225\" height=\"300\" srcset=\"https:\/\/asso-antenne.fr\/wp-content\/uploads\/2018\/05\/100_3201-225x300.jpg 225w, https:\/\/asso-antenne.fr\/wp-content\/uploads\/2018\/05\/100_3201-768x1024.jpg 768w, https:\/\/asso-antenne.fr\/wp-content\/uploads\/2018\/05\/100_3201-203x270.jpg 203w\" sizes=\"auto, (max-width: 225px) 100vw, 225px\" \/>Ciblant au d\u00e9part la mise \u00e0 l&rsquo;abri des personnes isol\u00e9es, ce service a \u00e9tendu son intervention \u00e0 la prise en charge des familles avec enfants. Alliant dimension humanitaire et humanis\u00e9e avec les attendus des politiques publiques, ce service est aujourd&rsquo;hui reconnu dans sa capacit\u00e9 \u00e0 \u00eatre une solution transitoire qui ouvre sur de nouveaux possibles pour les publics h\u00e9berg\u00e9s et accompagn\u00e9s.<\/span><\/p>\n<p style=\"text-align: justify;\"><span style=\"font-family: arial, helvetica, sans-serif;\">Ce service a une existence temporaire puisqu&rsquo;il n&rsquo;exerce ses missions que durant la p\u00e9riode hivernale chaque ann\u00e9e. N\u00e9anmoins la pr\u00e9paration de ce type d&rsquo;op\u00e9ration (recherche de site et de lieu d&rsquo;h\u00e9bergement, recherche des comp\u00e9tences \u00e0 mobiliser, recherche des partenariats, pr\u00e9paration logistique) implique un travail durant l&rsquo;ann\u00e9e qui d\u00e9passe les dates officielles qui encadre l&rsquo;hiver. C&rsquo;est donc durant toute l&rsquo;ann\u00e9e que nous nous mobilisons pour accueillir au mieux, le moment venu, les personnes qui nous seront orient\u00e9es.<\/span><\/p>\n","protected":false},"excerpt":{"rendered":"<p>Depuis 2009, l&rsquo;association est sollicit\u00e9e chaque ann\u00e9e par les pouvoirs publics dans la mise en oeuvre des h\u00e9bergements d&rsquo;urgence-mise \u00e0 l&rsquo;abri durant la p\u00e9riode hivernale. Appr\u00e9ci\u00e9 pour notre ma\u00eetrise logistique, notre capacit\u00e9 d&rsquo;adaptation et de mise en oeuvre rapide de&hellip;&nbsp;<a href=\"https:\/\/asso-antenne.fr\/?page_id=205\" class=\"more-link\">Lire la suite<\/a><\/p>\n","protected":false},"author":1,"featured_media":0,"parent":113,"menu_order":0,"comment_status":"closed","ping_status":"closed","template":"","meta":{"footnotes":""},"class_list":["post-205","page","type-page","status-publish","hentry"],"_links":{"self":[{"href":"https:\/\/asso-antenne.fr\/index.php?rest_route=\/wp\/v2\/pages\/205","targetHints":{"allow":["GET"]}}],"collection":[{"href":"https:\/\/asso-antenne.fr\/index.php?rest_route=\/wp\/v2\/pages"}],"about":[{"href":"https:\/\/asso-antenne.fr\/index.php?rest_route=\/wp\/v2\/types\/page"}],"author":[{"embeddable":true,"href":"https:\/\/asso-antenne.fr\/index.php?rest_route=\/wp\/v2\/users\/1"}],"replies":[{"embeddable":true,"href":"https:\/\/asso-antenne.fr\/index.php?rest_route=%2Fwp%2Fv2%2Fcomments&post=205"}],"version-history":[{"count":7,"href":"https:\/\/asso-antenne.fr\/index.php?rest_route=\/wp\/v2\/pages\/205\/revisions"}],"predecessor-version":[{"id":307,"href":"https:\/\/asso-antenne.fr\/index.php?rest_route=\/wp\/v2\/pages\/205\/revisions\/307"}],"up":[{"embeddable":true,"href":"https:\/\/asso-antenne.fr\/index.php?rest_route=\/wp\/v2\/pages\/113"}],"wp:attachment":[{"href":"https:\/\/asso-antenne.fr\/index.php?rest_route=%2Fwp%2Fv2%2Fmedia&parent=205"}],"curies":[{"name":"wp","href":"https:\/\/api.w.org\/{rel}","templated":true}]}}