{"id":199,"date":"2018-05-09T13:28:52","date_gmt":"2018-05-09T11:28:52","guid":{"rendered":"http:\/\/asso-antenne.fr\/?page_id=199"},"modified":"2018-05-09T17:57:47","modified_gmt":"2018-05-09T15:57:47","slug":"le-s-h-r-saint-exupery","status":"publish","type":"page","link":"https:\/\/asso-antenne.fr\/?page_id=199","title":{"rendered":"Le S.H.R. Saint-Exup\u00e9ry"},"content":{"rendered":"<p style=\"text-align: justify;\"><span style=\"font-family: arial, helvetica, sans-serif;\"><img loading=\"lazy\" decoding=\"async\" class=\"size-medium wp-image-244 alignleft\" src=\"http:\/\/asso-antenne.fr\/wp-content\/uploads\/2018\/05\/Site-neuhof-300x225.jpg\" alt=\"\" width=\"300\" height=\"225\" srcset=\"https:\/\/asso-antenne.fr\/wp-content\/uploads\/2018\/05\/Site-neuhof-300x225.jpg 300w, https:\/\/asso-antenne.fr\/wp-content\/uploads\/2018\/05\/Site-neuhof-360x270.jpg 360w, https:\/\/asso-antenne.fr\/wp-content\/uploads\/2018\/05\/Site-neuhof.jpg 640w\" sizes=\"auto, (max-width: 300px) 100vw, 300px\" \/>Le Service H\u00e9bergement Relais (S.H.R.) Saint-Exup\u00e9ry est une cat\u00e9gorie d&rsquo;\u00e9tablissement social intervenant dans la mise \u00e0 l&rsquo;abri d&rsquo;urgence de personnes isol\u00e9es ou couples, avec ou sans animaux, sans domicile fixe dirig\u00e9 par les services du SIAO 115.<br \/>\n<\/span><\/p>\n<p style=\"text-align: justify;\"><span style=\"font-family: arial, helvetica, sans-serif;\">Le S.H.R. Saint-Exup\u00e9ry est un \u00e9tablissement de type \u00e9clat\u00e9, implant\u00e9 dans le quartier du Neuhof \u00e0 Strasbourg. Son bureau d&rsquo;accueil et ses logements se situent au 6 rue Antoine de Saint Exup\u00e9ry \u00e0 Strasbourg ; \u00e0 7 km du centre ville, sur l&rsquo;axe nord-sud desservi par le TRAM, et par la ligne de bus n\u00b0 14 et 24.<\/span><\/p>\n<p style=\"text-align: justify;\"><span style=\"font-family: arial, helvetica, sans-serif;\">Avec sa mission de mise \u00e0 l&rsquo;abri, le S.H.R. Saint-Exup\u00e9ry, en dehors de toutes actions sociales intervient dans le respect de la dignit\u00e9 des personnes, avec justesse afin de leur permettre de trouver un abri temporaire dans le cadre d&rsquo;une orientation par le SIAO 115.<\/span><\/p>\n<p style=\"text-align: justify;\"><span style=\"font-family: arial, helvetica, sans-serif;\">Le S.H.R. Saint-Exup\u00e9ry g\u00e8re un parc de dix logements CUS HABITAT au sein d&rsquo;un immeuble du Neuhof au 6 rue Antoine de Saint Exup\u00e9ry.<\/span><\/p>\n<ul style=\"text-align: justify;\">\n<li><span style=\"font-family: arial, helvetica, sans-serif;\">1 logement de type F2 est r\u00e9serv\u00e9 \u00e0 l&rsquo;accueil\/secr\u00e9tariat et \u00e0 la chambre des surveillants, permettant ainsi de centraliser deux activit\u00e9s importantes du SHR, la fonction de gestion des logements, et le regroupement des activit\u00e9s qui sont r\u00e9guli\u00e8rement organis\u00e9es par des stagiaires et des b\u00e9n\u00e9voles.<\/span><\/li>\n<\/ul>\n<ul style=\"text-align: justify;\">\n<li><span style=\"font-family: arial, helvetica, sans-serif;\">9 logements de type F1, qui sont les lieux de mise \u00e0 l&rsquo;abri.<\/span><\/li>\n<\/ul>\n<p>&nbsp;<\/p>\n<p><img loading=\"lazy\" decoding=\"async\" class=\"size-medium wp-image-245 alignleft\" src=\"http:\/\/asso-antenne.fr\/wp-content\/uploads\/2018\/05\/P2250005-300x225.jpg\" alt=\"\" width=\"300\" height=\"225\" srcset=\"https:\/\/asso-antenne.fr\/wp-content\/uploads\/2018\/05\/P2250005-300x225.jpg 300w, https:\/\/asso-antenne.fr\/wp-content\/uploads\/2018\/05\/P2250005-360x270.jpg 360w, https:\/\/asso-antenne.fr\/wp-content\/uploads\/2018\/05\/P2250005.jpg 640w\" sizes=\"auto, (max-width: 300px) 100vw, 300px\" \/><\/p>\n<p style=\"text-align: justify;\"><span style=\"font-family: arial, helvetica, sans-serif;\">Le Logement Accueil :<\/span><\/p>\n<p style=\"text-align: justify;\"><span style=\"font-family: arial, helvetica, sans-serif;\">Il est accessible tous les jours ouvr\u00e9s de 18h00 \u00e0 09h00 et en compl\u00e9ment le samedi de 14h00 au dimanche \u00e0 13h00. Il est compos\u00e9 d&rsquo;une chambre pour le surveillant, d&rsquo;une salle principale \u00e9quip\u00e9 d&rsquo;un bureau et d&rsquo;une pi\u00e8ce pouvant accueillir une dizaine de personnes, qui permet \u00e9galement de se transformer en salle d&rsquo;activit\u00e9s. <\/span><span style=\"font-family: arial, helvetica, sans-serif;\">C&rsquo;est un lieu de passage obligatoire dans le fonctionnement du SHR. Cela permet de contr\u00f4ler les all\u00e9es et venues des personnes dirig\u00e9s, ainsi que la r\u00e9cup\u00e9ration des couchages le lendemain matin. Il permet \u00e9galement de servir un petit d\u00e9jeuner aux personnes qui le d\u00e9sirent avant leur d\u00e9part.<\/span><\/p>\n<p>&nbsp;<\/p>\n<p><img loading=\"lazy\" decoding=\"async\" class=\"size-medium wp-image-246 alignleft\" src=\"http:\/\/asso-antenne.fr\/wp-content\/uploads\/2018\/05\/P2250012-300x225.jpg\" alt=\"\" width=\"300\" height=\"225\" srcset=\"https:\/\/asso-antenne.fr\/wp-content\/uploads\/2018\/05\/P2250012-300x225.jpg 300w, https:\/\/asso-antenne.fr\/wp-content\/uploads\/2018\/05\/P2250012-360x270.jpg 360w, https:\/\/asso-antenne.fr\/wp-content\/uploads\/2018\/05\/P2250012.jpg 640w\" sizes=\"auto, (max-width: 300px) 100vw, 300px\" \/><\/p>\n<p style=\"text-align: justify;\"><span style=\"font-family: arial, helvetica, sans-serif;\">Les appartements :<\/span><\/p>\n<p style=\"text-align: justify;\"><span style=\"font-family: arial, helvetica, sans-serif;\">9 logements sont mobilis\u00e9s et ont une capacit\u00e9 d&rsquo;accueil totale de 30 personnes. <\/span><span style=\"font-family: arial, helvetica, sans-serif;\">La mise \u00e0 l&rsquo;abri, ne se fait que sur orientation du 115. Sont h\u00e9berg\u00e9s <\/span><span style=\"font-family: arial, helvetica, sans-serif;\">les hommes seuls, <\/span><span style=\"font-family: arial, helvetica, sans-serif;\">les femmes seules, <\/span><span style=\"font-family: arial, helvetica, sans-serif;\">les couples sans enfants, <\/span><span style=\"font-family: arial, helvetica, sans-serif;\">les personnes avec animaux<\/span><\/p>\n<p style=\"text-align: justify;\"><span style=\"font-family: arial, helvetica, sans-serif; font-size: 12pt;\">Sont admises les personnes \u00e0 la rue rep\u00e9r\u00e9es par les maraudes ou les diff\u00e9rents services sociaux, et orient\u00e9es exclusivement par les services du SIAO115 et\/ou la DDD du Bas-Rhin (pas d&rsquo;admission directe). Les personnes accompagn\u00e9es d\u2019un animal de compagnie peuvent \u00eatre prises en charge. Dirig\u00e9es vers l\u2019accueil du 6 rue Saint Exup\u00e9ry, elles sont re\u00e7ues par le coordinateur ou le veilleur, afin d\u2019effectuer les formalit\u00e9s d\u2019admission, qui, bien que succinctes, ne n\u00e9gligent en rien les r\u00e8gles de s\u00e9curit\u00e9.<\/span><\/p>\n<p style=\"text-align: justify;\"><span style=\"font-family: arial, helvetica, sans-serif;\">Les horaires d&rsquo;accueil sont les suivants :<\/span><\/p>\n<ul style=\"text-align: justify;\">\n<li><span style=\"font-family: arial, helvetica, sans-serif;\">du lundi au vendredi de 18h00 \u00e0 24h00<\/span><\/li>\n<li><span style=\"font-family: arial, helvetica, sans-serif;\">le samedi &#8211; dimanche de 8h00 \u00e0 13h00 et de 14h00 \u00e0 24h00<\/span><\/li>\n<li><span style=\"font-family: arial, helvetica, sans-serif;\">les jours f\u00e9ri\u00e9s de 20h00 \u00e0 24h00<\/span><\/li>\n<\/ul>\n<p style=\"text-align: justify;\"><span style=\"font-family: arial, helvetica, sans-serif;\">Les logements seront ouverts par les personnels du SHR Neuhof au fur et \u00e0 mesure de l&rsquo;arriv\u00e9e des pensionnaires de la nuit. Le d\u00e9part des pensionnaires se fera au plus tard \u00e0 09h00 le lendemain matin sauf les week-end. Apr\u00e8s r\u00e9cup\u00e9ration du couchage et v\u00e9rifications de s\u00e9curit\u00e9 par les personnels de veille, les logements sont ferm\u00e9s \u00e0 clefs.<\/span><\/p>\n","protected":false},"excerpt":{"rendered":"<p>Le Service H\u00e9bergement Relais (S.H.R.) Saint-Exup\u00e9ry est une cat\u00e9gorie d&rsquo;\u00e9tablissement social intervenant dans la mise \u00e0 l&rsquo;abri d&rsquo;urgence de personnes isol\u00e9es ou couples, avec ou sans animaux, sans domicile fixe dirig\u00e9 par les services du SIAO 115. Le S.H.R. Saint-Exup\u00e9ry&hellip;&nbsp;<a href=\"https:\/\/asso-antenne.fr\/?page_id=199\" class=\"more-link\">Lire la suite<\/a><\/p>\n","protected":false},"author":1,"featured_media":0,"parent":113,"menu_order":0,"comment_status":"closed","ping_status":"closed","template":"","meta":{"footnotes":""},"class_list":["post-199","page","type-page","status-publish","hentry"],"_links":{"self":[{"href":"https:\/\/asso-antenne.fr\/index.php?rest_route=\/wp\/v2\/pages\/199","targetHints":{"allow":["GET"]}}],"collection":[{"href":"https:\/\/asso-antenne.fr\/index.php?rest_route=\/wp\/v2\/pages"}],"about":[{"href":"https:\/\/asso-antenne.fr\/index.php?rest_route=\/wp\/v2\/types\/page"}],"author":[{"embeddable":true,"href":"https:\/\/asso-antenne.fr\/index.php?rest_route=\/wp\/v2\/users\/1"}],"replies":[{"embeddable":true,"href":"https:\/\/asso-antenne.fr\/index.php?rest_route=%2Fwp%2Fv2%2Fcomments&post=199"}],"version-history":[{"count":6,"href":"https:\/\/asso-antenne.fr\/index.php?rest_route=\/wp\/v2\/pages\/199\/revisions"}],"predecessor-version":[{"id":249,"href":"https:\/\/asso-antenne.fr\/index.php?rest_route=\/wp\/v2\/pages\/199\/revisions\/249"}],"up":[{"embeddable":true,"href":"https:\/\/asso-antenne.fr\/index.php?rest_route=\/wp\/v2\/pages\/113"}],"wp:attachment":[{"href":"https:\/\/asso-antenne.fr\/index.php?rest_route=%2Fwp%2Fv2%2Fmedia&parent=199"}],"curies":[{"name":"wp","href":"https:\/\/api.w.org\/{rel}","templated":true}]}}