{"id":195,"date":"2018-05-09T13:23:04","date_gmt":"2018-05-09T11:23:04","guid":{"rendered":"http:\/\/asso-antenne.fr\/?page_id=195"},"modified":"2018-05-10T12:58:44","modified_gmt":"2018-05-10T10:58:44","slug":"le-s-a-s-f-s-l","status":"publish","type":"page","link":"https:\/\/asso-antenne.fr\/?page_id=195","title":{"rendered":"Le S.A.S. &#8211; F.S.L."},"content":{"rendered":"<p style=\"text-align: justify;\"><span style=\"font-family: arial, helvetica, sans-serif;\"><img loading=\"lazy\" decoding=\"async\" class=\"size-medium wp-image-277 alignleft\" src=\"http:\/\/asso-antenne.fr\/wp-content\/uploads\/2018\/05\/FSL-300x225.jpg\" alt=\"\" width=\"300\" height=\"225\" srcset=\"https:\/\/asso-antenne.fr\/wp-content\/uploads\/2018\/05\/FSL-300x225.jpg 300w, https:\/\/asso-antenne.fr\/wp-content\/uploads\/2018\/05\/FSL-768x576.jpg 768w, https:\/\/asso-antenne.fr\/wp-content\/uploads\/2018\/05\/FSL-1024x768.jpg 1024w, https:\/\/asso-antenne.fr\/wp-content\/uploads\/2018\/05\/FSL-360x270.jpg 360w\" sizes=\"auto, (max-width: 300px) 100vw, 300px\" \/>Mis en place en septembre 1991 en application de la loi du 31 mai 1990, le Fonds de Solidarit\u00e9 pour le Logement (F.S.L.) est un dispositif essentiel du Plan D\u00e9partemental d&rsquo;Action pour le Logement et l&rsquo;H\u00e9bergement des Personnes D\u00e9favoris\u00e9es.<\/span><\/p>\n<p style=\"text-align: justify;\"><span style=\"font-family: arial, helvetica, sans-serif;\">Son objectif est double : faciliter l&rsquo;acc\u00e8s ou le maintien dans un logement en faveur des plus d\u00e9munis par l&rsquo;attribution d&rsquo;aides financi\u00e8res tout en permettant un apprentissage des r\u00e8gles de vie et de gestion quotidienne de ce logement par la mise en place, le cas \u00e9ch\u00e9ant, d&rsquo;un accompagnement social adapt\u00e9.<\/span><\/p>\n<p style=\"text-align: justify;\"><span style=\"font-family: arial, helvetica, sans-serif;\">Selon la d\u00e9cision du comit\u00e9 comp\u00e9tent pour statuer sur l&rsquo;opportunit\u00e9 d&rsquo;une mesure FSL pour un m\u00e9nage, le service r\u00e9alise un bilan social, qui sera \u00e9ventuellement compl\u00e9t\u00e9 par une mesure d&rsquo;accompagnement social. <\/span><\/p>\n<p style=\"text-align: justify;\"><span style=\"font-family: arial, helvetica, sans-serif;\">L&rsquo;offre du Service Accompagnement Social li\u00e9 au Fonds de Solidarit\u00e9 Logement d&rsquo;Antenne (S.A.S.-F.S.L.), consiste principalement en une aide \u00e0 la r\u00e9solution de difficult\u00e9s de gestion budg\u00e9taire dans le cadre d&rsquo;une pr\u00e9vention des expulsions.<\/span><\/p>\n<p style=\"text-align: justify;\"><span style=\"font-family: arial, helvetica, sans-serif;\">Le service intervient principalement dans l&rsquo;agglom\u00e9ration strasbourgeoise.<\/span><\/p>\n","protected":false},"excerpt":{"rendered":"<p>Mis en place en septembre 1991 en application de la loi du 31 mai 1990, le Fonds de Solidarit\u00e9 pour le Logement (F.S.L.) est un dispositif essentiel du Plan D\u00e9partemental d&rsquo;Action pour le Logement et l&rsquo;H\u00e9bergement des Personnes D\u00e9favoris\u00e9es. Son&hellip;&nbsp;<a href=\"https:\/\/asso-antenne.fr\/?page_id=195\" class=\"more-link\">Lire la suite<\/a><\/p>\n","protected":false},"author":1,"featured_media":0,"parent":105,"menu_order":0,"comment_status":"closed","ping_status":"closed","template":"","meta":{"footnotes":""},"class_list":["post-195","page","type-page","status-publish","hentry"],"_links":{"self":[{"href":"https:\/\/asso-antenne.fr\/index.php?rest_route=\/wp\/v2\/pages\/195","targetHints":{"allow":["GET"]}}],"collection":[{"href":"https:\/\/asso-antenne.fr\/index.php?rest_route=\/wp\/v2\/pages"}],"about":[{"href":"https:\/\/asso-antenne.fr\/index.php?rest_route=\/wp\/v2\/types\/page"}],"author":[{"embeddable":true,"href":"https:\/\/asso-antenne.fr\/index.php?rest_route=\/wp\/v2\/users\/1"}],"replies":[{"embeddable":true,"href":"https:\/\/asso-antenne.fr\/index.php?rest_route=%2Fwp%2Fv2%2Fcomments&post=195"}],"version-history":[{"count":4,"href":"https:\/\/asso-antenne.fr\/index.php?rest_route=\/wp\/v2\/pages\/195\/revisions"}],"predecessor-version":[{"id":278,"href":"https:\/\/asso-antenne.fr\/index.php?rest_route=\/wp\/v2\/pages\/195\/revisions\/278"}],"up":[{"embeddable":true,"href":"https:\/\/asso-antenne.fr\/index.php?rest_route=\/wp\/v2\/pages\/105"}],"wp:attachment":[{"href":"https:\/\/asso-antenne.fr\/index.php?rest_route=%2Fwp%2Fv2%2Fmedia&parent=195"}],"curies":[{"name":"wp","href":"https:\/\/api.w.org\/{rel}","templated":true}]}}