{"id":186,"date":"2018-05-09T13:13:45","date_gmt":"2018-05-09T11:13:45","guid":{"rendered":"http:\/\/asso-antenne.fr\/?page_id=186"},"modified":"2022-08-09T17:01:29","modified_gmt":"2022-08-09T15:01:29","slug":"le-s-a-s-r-s-a","status":"publish","type":"page","link":"https:\/\/asso-antenne.fr\/?page_id=186","title":{"rendered":"Le S.A.S &#8211; R.S.A."},"content":{"rendered":"<p style=\"text-align: justify;\"><span style=\"font-family: arial, helvetica, sans-serif;\"><img loading=\"lazy\" decoding=\"async\" class=\"size-medium wp-image-273 alignleft\" src=\"http:\/\/asso-antenne.fr\/wp-content\/uploads\/2018\/05\/152_5201-300x228.jpg\" alt=\"\" width=\"300\" height=\"228\" srcset=\"https:\/\/asso-antenne.fr\/wp-content\/uploads\/2018\/05\/152_5201-300x228.jpg 300w, https:\/\/asso-antenne.fr\/wp-content\/uploads\/2018\/05\/152_5201-356x270.jpg 356w, https:\/\/asso-antenne.fr\/wp-content\/uploads\/2018\/05\/152_5201.jpg 767w\" sizes=\"auto, (max-width: 300px) 100vw, 300px\" \/>Le Service Accompagnement Social dans le cadre du Revenu de Solidarit\u00e9 Active (S.A.S.-R.S.A.) s&rsquo;adresse \u00e0 des personnes sans domicile fixe qui peuvent pr\u00e9tendre au RSA. Les objectifs de l&rsquo;accompagnement social s&rsquo;inscrivent dans la r\u00e9alisation du contrat d&rsquo;engagement\u00a0 et consistent \u00e0 r\u00e9tablir le lien social et faire r\u00e9guli\u00e8rement le point avec la personne, informer et orienter selon la situation et la demande, mettre en \u0153uvre les d\u00e9marches utiles \u00e0 la r\u00e9solution des difficult\u00e9s des personnes (logement-emploi-sant\u00e9-vie sociale), r\u00e9tablir les droits sociaux, aider \u00e0 redonner une esp\u00e9rance et \u00e0 formuler un projet de vie.<\/span><\/p>\n<p style=\"text-align: justify;\"><span style=\"font-family: arial, helvetica, sans-serif;\">L&rsquo;accueil se fait sur rendez-vous tous les jours du lundi au vendredi de 9h \u00e0 12h et de 14h \u00e0 16h30 sauf le mercredi apr\u00e8s-midi.<\/span><\/p>\n<p style=\"text-align: justify;\"><span style=\"font-family: arial, helvetica, sans-serif;\">Compos\u00e9e de 3 r\u00e9f\u00e9rents RSA, l&rsquo;\u00e9quipe a en charge :<\/span><\/p>\n<ul style=\"text-align: justify;\">\n<li><span style=\"font-family: arial, helvetica, sans-serif;\">l&rsquo;accueil des demandeurs du RSA<\/span><\/li>\n<li><span style=\"font-family: arial, helvetica, sans-serif;\">l&rsquo;aide \u00e0 l&rsquo;\u00e9tablissement des demandes de RSA<\/span><\/li>\n<li><span style=\"font-family: arial, helvetica, sans-serif;\">l&rsquo;aide \u00e0 l&rsquo;ouverture des droits connexes<\/span><\/li>\n<li><span style=\"font-family: arial, helvetica, sans-serif;\">l&rsquo;aide dans les d\u00e9marches n\u00e9cessaires pour faire face aux situations d&rsquo;urgence<\/span><\/li>\n<li><span style=\"font-family: arial, helvetica, sans-serif;\">la pr\u00e9paration du Contrat d&rsquo;Engagement R\u00e9ciproque avec les b\u00e9n\u00e9ficiaires puis la transmission de ce document aux instances comp\u00e9tentes pour validation du projet du b\u00e9n\u00e9ficiaire<\/span><\/li>\n<li><span style=\"font-family: arial, helvetica, sans-serif;\">la mise en \u0153uvre et le suivi du Contrat d&rsquo;Engagement du b\u00e9n\u00e9ficiaire<\/span><\/li>\n<li><span style=\"font-family: arial, helvetica, sans-serif;\">l&rsquo;accompagnement social des b\u00e9n\u00e9ficiaires<\/span><\/li>\n<\/ul>\n<p style=\"text-align: justify;\"><span style=\"font-family: arial, helvetica, sans-serif;\">Les b\u00e9n\u00e9ficiaires suivis sont rencontr\u00e9s au minimum deux fois par mois dans le cadre de bilans de situations interm\u00e9diaires. En fonction des difficult\u00e9s rencontr\u00e9es, certains b\u00e9n\u00e9ficiaires demandent des rencontres plus rapproch\u00e9es et n\u00e9cessitent un accompagnement plus soutenu.<\/span><\/p>\n<div id=\"sconnect-is-installed\" style=\"display: none;\">2.13.0.0<\/div>\n","protected":false},"excerpt":{"rendered":"<p>Le Service Accompagnement Social dans le cadre du Revenu de Solidarit\u00e9 Active (S.A.S.-R.S.A.) s&rsquo;adresse \u00e0 des personnes sans domicile fixe qui peuvent pr\u00e9tendre au RSA. Les objectifs de l&rsquo;accompagnement social s&rsquo;inscrivent dans la r\u00e9alisation du contrat d&rsquo;engagement\u00a0 et consistent \u00e0&hellip;&nbsp;<a href=\"https:\/\/asso-antenne.fr\/?page_id=186\" class=\"more-link\">Lire la suite<\/a><\/p>\n","protected":false},"author":1,"featured_media":0,"parent":105,"menu_order":0,"comment_status":"closed","ping_status":"closed","template":"","meta":{"footnotes":""},"class_list":["post-186","page","type-page","status-publish","hentry"],"_links":{"self":[{"href":"https:\/\/asso-antenne.fr\/index.php?rest_route=\/wp\/v2\/pages\/186","targetHints":{"allow":["GET"]}}],"collection":[{"href":"https:\/\/asso-antenne.fr\/index.php?rest_route=\/wp\/v2\/pages"}],"about":[{"href":"https:\/\/asso-antenne.fr\/index.php?rest_route=\/wp\/v2\/types\/page"}],"author":[{"embeddable":true,"href":"https:\/\/asso-antenne.fr\/index.php?rest_route=\/wp\/v2\/users\/1"}],"replies":[{"embeddable":true,"href":"https:\/\/asso-antenne.fr\/index.php?rest_route=%2Fwp%2Fv2%2Fcomments&post=186"}],"version-history":[{"count":6,"href":"https:\/\/asso-antenne.fr\/index.php?rest_route=\/wp\/v2\/pages\/186\/revisions"}],"predecessor-version":[{"id":640,"href":"https:\/\/asso-antenne.fr\/index.php?rest_route=\/wp\/v2\/pages\/186\/revisions\/640"}],"up":[{"embeddable":true,"href":"https:\/\/asso-antenne.fr\/index.php?rest_route=\/wp\/v2\/pages\/105"}],"wp:attachment":[{"href":"https:\/\/asso-antenne.fr\/index.php?rest_route=%2Fwp%2Fv2%2Fmedia&parent=186"}],"curies":[{"name":"wp","href":"https:\/\/api.w.org\/{rel}","templated":true}]}}