{"id":183,"date":"2018-05-09T13:08:33","date_gmt":"2018-05-09T11:08:33","guid":{"rendered":"http:\/\/asso-antenne.fr\/?page_id=183"},"modified":"2018-05-10T12:33:27","modified_gmt":"2018-05-10T10:33:27","slug":"le-service-accueil","status":"publish","type":"page","link":"https:\/\/asso-antenne.fr\/?page_id=183","title":{"rendered":"Le Service Accueil"},"content":{"rendered":"<div id=\"imCel0_00\">\n<div id=\"imCel0_00_Cont\">\n<div id=\"imObj0_00\">\n<p style=\"text-align: justify;\"><span style=\"font-family: arial, helvetica, sans-serif;\"><img loading=\"lazy\" decoding=\"async\" class=\"size-medium wp-image-257 alignleft\" src=\"http:\/\/asso-antenne.fr\/wp-content\/uploads\/2018\/05\/151_5188-300x225.jpg\" alt=\"\" width=\"300\" height=\"225\" srcset=\"https:\/\/asso-antenne.fr\/wp-content\/uploads\/2018\/05\/151_5188-300x225.jpg 300w, https:\/\/asso-antenne.fr\/wp-content\/uploads\/2018\/05\/151_5188-768x576.jpg 768w, https:\/\/asso-antenne.fr\/wp-content\/uploads\/2018\/05\/151_5188.jpg 1024w, https:\/\/asso-antenne.fr\/wp-content\/uploads\/2018\/05\/151_5188-360x270.jpg 360w\" sizes=\"auto, (max-width: 300px) 100vw, 300px\" \/>L&rsquo;action du Service Accueil vise \u00e0 <\/span><span style=\"font-family: arial, helvetica, sans-serif;\">favoriser l&rsquo;\u00e9coute et le dialogue pour r\u00e9tablir le lien social, <\/span><span style=\"font-family: arial, helvetica, sans-serif;\">r\u00e9pondre \u00e0 une aide de premi\u00e8re n\u00e9cessit\u00e9 (alimentation, h\u00e9bergement d&rsquo;urgence, v\u00eatements), <\/span><span style=\"font-family: arial, helvetica, sans-serif;\">orienter les personnes vers les structures comp\u00e9tentes, <\/span><span style=\"font-family: arial, helvetica, sans-serif;\">proposer une domiciliation postale aux personnes sans r\u00e9sidence stable et <\/span><span style=\"font-family: arial, helvetica, sans-serif;\">fournir un premier niveau d&rsquo;aide aux d\u00e9marches administratives.<\/span><\/p>\n<p style=\"text-align: justify;\"><span style=\"font-family: arial, helvetica, sans-serif;\">Le Service Accueil est la premi\u00e8re prise de contact avec notre structure. Situ\u00e9 9 rue D\u00e9serte \u00e0 Strasbourg, Il est ouvert au public du lundi au vendredi de 9h \u00e0 12h30 et de 14h \u00e0 17h. <\/span><span style=\"font-family: arial, helvetica, sans-serif;\">Le service est ferm\u00e9 le mercredi apr\u00e8s-midi. Toutes les premi\u00e8res demandes des usagers y sont re\u00e7ues et attendent une r\u00e9ponse imm\u00e9diate. L&rsquo;\u00e9quipe est compos\u00e9e de deux agents d&rsquo;accueil, et son action est renforc\u00e9e par les salari\u00e9s des autres services de la structure et les b\u00e9n\u00e9voles.<\/span><\/p>\n<p style=\"text-align: justify;\"><span style=\"font-family: arial, helvetica, sans-serif;\">Vous trouverez dans le <a href=\"http:\/\/asso-antenne.fr\/wp-content\/uploads\/2018\/05\/ANTENNE-Livret-dAccueil-Site-Gare-2017.pdf\" target=\"_blank\" rel=\"noopener\"><strong>Livret d&rsquo;Accueil<\/strong><\/a> le d\u00e9tail de l&rsquo;accompagnement que nous vous proposons ainsi que le r\u00e8glement de fonctionnement du Centre d&rsquo;Accueil de l&rsquo;association.<\/span><\/p>\n<p>&nbsp;<\/p>\n<\/div>\n<\/div>\n<\/div>\n<p style=\"text-align: justify;\"><span style=\"font-family: arial, helvetica, sans-serif;\"><strong><img loading=\"lazy\" decoding=\"async\" class=\" wp-image-258 alignleft\" src=\"http:\/\/asso-antenne.fr\/wp-content\/uploads\/2018\/05\/icone-courrier.jpg\" alt=\"\" width=\"297\" height=\"173\" \/>La Domiciliation Postale<\/strong><\/span><\/p>\n<p style=\"text-align: justify;\"><span style=\"font-family: arial, helvetica, sans-serif;\">Le Service Accueil est habilit\u00e9 pour la domiciliation postale des personnes sans r\u00e9sidence stable, b\u00e9n\u00e9ficiaires du R.S.A. <\/span><span style=\"font-family: arial, helvetica, sans-serif;\">Ce service important est appr\u00e9ci\u00e9 par les personnes sans domicile fixe. Elles peuvent ainsi pr\u00e9senter une attestation aux diff\u00e9rents organismes auxquels elles s&rsquo;adresseront et recevoir leur courrier \u00e0 une adresse fixe. <\/span><span style=\"font-family: arial, helvetica, sans-serif;\">Les personnes domicili\u00e9es peuvent se pr\u00e9senter du lundi au vendredi de 9h \u00e0 12h et de 14h \u00e0 16h (sauf le mercredi apr\u00e8s-midi) pour venir retirer leur courrier. Au regard des textes r\u00e8glementaires qui encadrent la mission de domiciliation postale, les personnes domicili\u00e9es ont l&rsquo;obligation de se manifester aupr\u00e8s du service au moins une fois tous les trois mois (cf <strong><a href=\"http:\/\/asso-antenne.fr\/wp-content\/uploads\/2018\/05\/ANTENNE-R\u00e9glement-domiciliation-postale.pdf\" target=\"_blank\" rel=\"noopener\">R\u00e8glement int\u00e9rieur de la domiciliation postale<\/a><\/strong>)<\/span><\/p>\n<p>&nbsp;<\/p>\n<p style=\"text-align: justify;\"><span style=\"font-family: arial, helvetica, sans-serif;\"><strong><img loading=\"lazy\" decoding=\"async\" class=\"wp-image-260 alignleft\" src=\"http:\/\/asso-antenne.fr\/wp-content\/uploads\/2018\/05\/icon-hebergement-300x300.jpg\" alt=\"\" width=\"297\" height=\"297\" srcset=\"https:\/\/asso-antenne.fr\/wp-content\/uploads\/2018\/05\/icon-hebergement-300x300.jpg 300w, https:\/\/asso-antenne.fr\/wp-content\/uploads\/2018\/05\/icon-hebergement-150x150.jpg 150w, https:\/\/asso-antenne.fr\/wp-content\/uploads\/2018\/05\/icon-hebergement-270x270.jpg 270w, https:\/\/asso-antenne.fr\/wp-content\/uploads\/2018\/05\/icon-hebergement.jpg 682w\" sizes=\"auto, (max-width: 297px) 100vw, 297px\" \/>L&rsquo;H\u00e9bergement d&rsquo;Urgence<\/strong><\/span><\/p>\n<p style=\"text-align: justify;\"><span style=\"font-family: arial, helvetica, sans-serif;\">Les personnes d\u00e9pourvues d&rsquo;h\u00e9bergement repr\u00e9sentent une part importante des personnes qui se pr\u00e9sentent au Service Accueil. L&rsquo;h\u00e9bergement d&rsquo;urgence est souvent un passage oblig\u00e9 du public suivi par ANTENNE. Cette \u00e9tape peut \u00eatre plus ou moins longue dans la dur\u00e9e selon les situations. <\/span><\/p>\n<p style=\"text-align: justify;\"><span style=\"font-family: arial, helvetica, sans-serif;\">Le service relaye les demandes aupr\u00e8s de la structure coordinatrice d&rsquo;h\u00e9bergement d&rsquo;urgence de Strasbourg (SIAO 115) et effectue un accompagnement social des personnes int\u00e9gr\u00e9es dans le dispositif d&rsquo;h\u00e9bergement d&rsquo;urgence jusqu&rsquo;\u00e0 ce qu&rsquo;une solution d&rsquo;h\u00e9bergement plus stable soit trouv\u00e9e.<\/span><\/p>\n<p>&nbsp;<\/p>\n<p>&nbsp;<\/p>\n<p style=\"text-align: justify;\"><span style=\"font-family: arial, helvetica, sans-serif;\"><strong><img loading=\"lazy\" decoding=\"async\" class=\" wp-image-259 alignleft\" src=\"http:\/\/asso-antenne.fr\/wp-content\/uploads\/2018\/05\/lien-entreprises-300x294.jpg\" alt=\"\" width=\"299\" height=\"293\" srcset=\"https:\/\/asso-antenne.fr\/wp-content\/uploads\/2018\/05\/lien-entreprises-300x294.jpg 300w, https:\/\/asso-antenne.fr\/wp-content\/uploads\/2018\/05\/lien-entreprises-276x270.jpg 276w, https:\/\/asso-antenne.fr\/wp-content\/uploads\/2018\/05\/lien-entreprises.jpg 336w\" sizes=\"auto, (max-width: 299px) 100vw, 299px\" \/>Les autres domaines d&rsquo;intervention <\/strong><\/span><\/p>\n<p style=\"text-align: justify;\"><span style=\"font-family: arial, helvetica, sans-serif;\">Le Service Accueil sert \u00e9galement de lien entre les entreprises et les personnes suivies \u00e0 ANTENNE : les messages t\u00e9l\u00e9phoniques des employeurs sont transmis aux personnes suivies, les prises de rendez-vous aupr\u00e8s des employeurs sont effectu\u00e9es \u00e0 l&rsquo;Association. Cela permet donc de maintenir un lien suppl\u00e9mentaire avec le monde du travail.<\/span><\/p>\n","protected":false},"excerpt":{"rendered":"<p>L&rsquo;action du Service Accueil vise \u00e0 favoriser l&rsquo;\u00e9coute et le dialogue pour r\u00e9tablir le lien social, r\u00e9pondre \u00e0 une aide de premi\u00e8re n\u00e9cessit\u00e9 (alimentation, h\u00e9bergement d&rsquo;urgence, v\u00eatements), orienter les personnes vers les structures comp\u00e9tentes, proposer une domiciliation postale aux personnes&hellip;&nbsp;<a href=\"https:\/\/asso-antenne.fr\/?page_id=183\" class=\"more-link\">Lire la suite<\/a><\/p>\n","protected":false},"author":1,"featured_media":0,"parent":105,"menu_order":0,"comment_status":"closed","ping_status":"closed","template":"","meta":{"footnotes":""},"class_list":["post-183","page","type-page","status-publish","hentry"],"_links":{"self":[{"href":"https:\/\/asso-antenne.fr\/index.php?rest_route=\/wp\/v2\/pages\/183","targetHints":{"allow":["GET"]}}],"collection":[{"href":"https:\/\/asso-antenne.fr\/index.php?rest_route=\/wp\/v2\/pages"}],"about":[{"href":"https:\/\/asso-antenne.fr\/index.php?rest_route=\/wp\/v2\/types\/page"}],"author":[{"embeddable":true,"href":"https:\/\/asso-antenne.fr\/index.php?rest_route=\/wp\/v2\/users\/1"}],"replies":[{"embeddable":true,"href":"https:\/\/asso-antenne.fr\/index.php?rest_route=%2Fwp%2Fv2%2Fcomments&post=183"}],"version-history":[{"count":13,"href":"https:\/\/asso-antenne.fr\/index.php?rest_route=\/wp\/v2\/pages\/183\/revisions"}],"predecessor-version":[{"id":272,"href":"https:\/\/asso-antenne.fr\/index.php?rest_route=\/wp\/v2\/pages\/183\/revisions\/272"}],"up":[{"embeddable":true,"href":"https:\/\/asso-antenne.fr\/index.php?rest_route=\/wp\/v2\/pages\/105"}],"wp:attachment":[{"href":"https:\/\/asso-antenne.fr\/index.php?rest_route=%2Fwp%2Fv2%2Fmedia&parent=183"}],"curies":[{"name":"wp","href":"https:\/\/api.w.org\/{rel}","templated":true}]}}