{"id":117,"date":"2018-05-04T12:42:00","date_gmt":"2018-05-04T10:42:00","guid":{"rendered":"http:\/\/asso-antenne.fr\/?page_id=117"},"modified":"2023-02-02T11:54:11","modified_gmt":"2023-02-02T10:54:11","slug":"histoire","status":"publish","type":"page","link":"https:\/\/asso-antenne.fr\/?page_id=117","title":{"rendered":"Histoire"},"content":{"rendered":"<p style=\"text-align: justify;\"><span style=\"font-family: arial, helvetica, sans-serif;\">Le 20 d\u00e9cembre 1973, est cr\u00e9e \u00e0 l\u2019initiative de personnes oeuvrant dans le domaine de la Justice \u00e0 Strasbourg, l\u2019association de soutien au Comit\u00e9 de Probation et d\u2019Assistance aux Lib\u00e9r\u00e9s du Tribunal de Grande Instance de Strasbourg.<\/span><\/p>\n<p style=\"text-align: justify;\"><span style=\"font-family: arial, helvetica, sans-serif;\">La structure fid\u00e8le \u00e0 son projet associatif intervient dans le domaine de l\u2019accueil et de l\u2019accompagnement des personnes sortant d\u2019incarc\u00e9ration : d\u00e9marches administratives, d\u00e9marches li\u00e9es \u00e0 la sant\u00e9, aide \u00e0 la recherche de logement ou d\u2019h\u00e9bergement, aide \u00e0 la recherche d\u2019emploi, pr\u00e9vention de la r\u00e9cidive<\/span><\/p>\n<p style=\"text-align: justify;\"><span style=\"font-family: arial, helvetica, sans-serif;\">D\u00e9but des ann\u00e9es 80 outre les personnes sortant d\u2019incarc\u00e9ration, de plus en plus de personnes se trouvant en situation de grande pr\u00e9carit\u00e9 et d\u2019exclusion, s\u2019adressent \u00e0 la structure. Accompagnant le mouvement g\u00e9n\u00e9ral de cette \u00e9poque, la structure ouvre ses interventions \u00e0 ce public avec la mise en place de permanences ouvertes \u00e0 tous. De l\u2019aide administrative, en passant par l\u2019aide alimentaire et l\u2019h\u00e9bergement d\u2019urgence, les missions de l\u2019association se diversifient tant au niveau de ses interventions que des publics auxquels elle s\u2019adresse. Les missions de la structure s\u2019\u00e9tendent aussi avec la mise en place d\u2019un agr\u00e9ment pour effectuer le Contr\u00f4le Judiciaire.<\/span><\/p>\n<p style=\"text-align: justify;\"><span style=\"font-family: arial, helvetica, sans-serif;\">Un des objectifs poursuivi par la structure est la cr\u00e9ation d\u2019un lieu d\u2019h\u00e9bergement. Apr\u00e8s une exp\u00e9rimentation de location d\u2019appartements mis \u00e0 disposition dans le cadre d\u2019un h\u00e9bergement d\u2019urgence, la structure d\u00e9cide de soutenir un projet de cr\u00e9ation de C.H.R.S.<\/span><\/p>\n<p style=\"text-align: justify;\"><span style=\"font-family: arial, helvetica, sans-serif;\">Les changements induits par la mise en oeuvre de ce projet (statuts, missions, financements) a pour cons\u00e9quence la dissolution le 14 avril 1982, de l\u2019association de soutien au Comit\u00e9 de Probation et d\u2019Assistance aux Lib\u00e9r\u00e9s du Tribunal de Grande Instance de Strasbourg et la cr\u00e9ation de l\u2019association ANTENNE (un objet qui \u00e9met et qui re\u00e7oit). Le si\u00e8ge de la structure est situ\u00e9 au rez-de-chauss\u00e9e de l\u2019immeuble du 9 rue D\u00e9serte \u00e0 Strasbourg sur le quartier Gare. A l\u2019origine, le local de l\u2019association propose quelques permanences par semaine. C\u2019est \u00e9galement l\u2019\u00e9poque o\u00f9 les premiers salari\u00e9s de la structure apparaissent aux cot\u00e9s des b\u00e9n\u00e9voles. En 1985, l\u2019association met en place un Centre d\u2019H\u00e9bergement et de R\u00e9insertion Sociale : le C.H.R.S.\u00a0 \u00a0\u00ab\u00a0L\u2019Antenne Meinau\u00a0 \u00bb. A partir de cette \u00e9poque, on assiste \u00e0 une acc\u00e9l\u00e9ration de la cr\u00e9ation des services propos\u00e9s par l\u2019association:<\/span><\/p>\n<p style=\"text-align: justify;\"><span style=\"font-family: arial, helvetica, sans-serif;\">1985 : cr\u00e9ation du C.H.R.S. Antenne Meinau<\/span><\/p>\n<p style=\"text-align: justify;\"><span style=\"font-family: arial, helvetica, sans-serif;\">1988 : cr\u00e9ation du Service Accompagnement Social RMI (devenu RSA en 2009)<\/span><\/p>\n<p style=\"text-align: justify;\"><span style=\"font-family: arial, helvetica, sans-serif;\">1995 : cr\u00e9ation de l\u2019Espace Convivial (aide alimentaire)<\/span><\/p>\n<p style=\"text-align: justify;\"><span style=\"font-family: arial, helvetica, sans-serif;\">1998 : cr\u00e9ation du Service Accompagnement Social F.S.L.<\/span><\/p>\n<p style=\"text-align: justify;\"><span style=\"font-family: arial, helvetica, sans-serif;\">2000 : cr\u00e9ation du Parcours Inform\u2019Action<\/span><\/p>\n<p style=\"text-align: justify;\"><span style=\"font-family: arial, helvetica, sans-serif;\">2005 : cr\u00e9ation du chantier d\u2019insertion Fort\u2019Ins (a pris fin en 2006)<\/span><\/p>\n<p style=\"text-align: justify;\"><span style=\"font-size: 14pt; font-family: arial, helvetica, sans-serif;\">2005 : cr\u00e9ation de la mission accompagnement renforc\u00e9 vers l\u2019emploi<\/span><\/p>\n<p style=\"text-align: justify;\"><span style=\"font-size: 14pt; font-family: arial, helvetica, sans-serif;\">2008 : cr\u00e9ation du Service H\u00e9bergement Relais Neuhof (h\u00e9bergement d\u2019urgence-mise \u00e0 l\u2019abri)<\/span><\/p>\n<p style=\"text-align: justify;\"><span style=\"font-size: 14pt; font-family: arial, helvetica, sans-serif;\">2009 : cr\u00e9ation du Service H\u00e9bergements Hivernaux<\/span><\/p>\n<p style=\"text-align: justify;\"><span style=\"font-size: 14pt; font-family: arial, helvetica, sans-serif;\">2017 : cr\u00e9ation du Service M\u00e9nages \u00e0 Droits Incomplets<\/span><\/p>\n<p><span style=\"font-family: arial, helvetica, sans-serif;\">2020 : cr\u00e9ation du Service Antenne Inclusion Diffus<\/span><\/p>\n<p><span style=\"font-family: arial, helvetica, sans-serif;\">2022 : cr\u00e9ation du Service H\u00e9bergement \u00e0 Vis\u00e9e Professionnelle<\/span><\/p>\n<p><span style=\"font-family: arial, helvetica, sans-serif;\">2022 : cr\u00e9ation du Service Equipe Mobile H\u00f4tels<\/span><\/p>\n","protected":false},"excerpt":{"rendered":"<p>Le 20 d\u00e9cembre 1973, est cr\u00e9e \u00e0 l\u2019initiative de personnes oeuvrant dans le domaine de la Justice \u00e0 Strasbourg, l\u2019association de soutien au Comit\u00e9 de Probation et d\u2019Assistance aux Lib\u00e9r\u00e9s du Tribunal de Grande Instance de Strasbourg. La structure fid\u00e8le&hellip;&nbsp;<a href=\"https:\/\/asso-antenne.fr\/?page_id=117\" class=\"more-link\">Lire la suite<\/a><\/p>\n","protected":false},"author":1,"featured_media":0,"parent":0,"menu_order":0,"comment_status":"closed","ping_status":"closed","template":"","meta":{"footnotes":""},"class_list":["post-117","page","type-page","status-publish","hentry"],"_links":{"self":[{"href":"https:\/\/asso-antenne.fr\/index.php?rest_route=\/wp\/v2\/pages\/117","targetHints":{"allow":["GET"]}}],"collection":[{"href":"https:\/\/asso-antenne.fr\/index.php?rest_route=\/wp\/v2\/pages"}],"about":[{"href":"https:\/\/asso-antenne.fr\/index.php?rest_route=\/wp\/v2\/types\/page"}],"author":[{"embeddable":true,"href":"https:\/\/asso-antenne.fr\/index.php?rest_route=\/wp\/v2\/users\/1"}],"replies":[{"embeddable":true,"href":"https:\/\/asso-antenne.fr\/index.php?rest_route=%2Fwp%2Fv2%2Fcomments&post=117"}],"version-history":[{"count":8,"href":"https:\/\/asso-antenne.fr\/index.php?rest_route=\/wp\/v2\/pages\/117\/revisions"}],"predecessor-version":[{"id":742,"href":"https:\/\/asso-antenne.fr\/index.php?rest_route=\/wp\/v2\/pages\/117\/revisions\/742"}],"wp:attachment":[{"href":"https:\/\/asso-antenne.fr\/index.php?rest_route=%2Fwp%2Fv2%2Fmedia&parent=117"}],"curies":[{"name":"wp","href":"https:\/\/api.w.org\/{rel}","templated":true}]}}