{"id":113,"date":"2018-05-04T12:37:59","date_gmt":"2018-05-04T10:37:59","guid":{"rendered":"http:\/\/asso-antenne.fr\/?page_id=113"},"modified":"2018-05-11T18:44:27","modified_gmt":"2018-05-11T16:44:27","slug":"mission-hebergement","status":"publish","type":"page","link":"https:\/\/asso-antenne.fr\/?page_id=113","title":{"rendered":"Mission H\u00e9bergement"},"content":{"rendered":"<p style=\"text-align: justify;\"><span style=\"font-family: arial, helvetica, sans-serif;\">L&rsquo;h\u00e9bergement des personnes vuln\u00e9rables en situation de grande pr\u00e9carit\u00e9 est l&rsquo;une des missions historique de l&rsquo;association. Les publics que nous accompagnons, s&rsquo;ils sont aujourd&rsquo;hui vari\u00e9s dans leurs compositions et dans les difficult\u00e9s qu&rsquo;ils rencontrent, ont tous en commun le fait d&rsquo;\u00eatre sans logement.<\/span><\/p>\n<p style=\"text-align: justify;\"><span style=\"font-family: arial, helvetica, sans-serif;\">Pour r\u00e9pondre aux situations diverses et vari\u00e9es que connaissent les publics, diff\u00e9rents dispositifs d&rsquo;h\u00e9bergement sont mis en oeuvre par Antenne, allant de l&rsquo;h\u00e9bergement d&rsquo;urgence au logement pos\u00e9 ou accompagn\u00e9, en passant par des dispositifs d&rsquo;h\u00e9bergements temporaires durant les p\u00e9riodes hivernales.<\/span><\/p>\n","protected":false},"excerpt":{"rendered":"<p>L&rsquo;h\u00e9bergement des personnes vuln\u00e9rables en situation de grande pr\u00e9carit\u00e9 est l&rsquo;une des missions historique de l&rsquo;association. Les publics que nous accompagnons, s&rsquo;ils sont aujourd&rsquo;hui vari\u00e9s dans leurs compositions et dans les difficult\u00e9s qu&rsquo;ils rencontrent, ont tous en commun le fait&hellip;&nbsp;<a href=\"https:\/\/asso-antenne.fr\/?page_id=113\" class=\"more-link\">Lire la suite<\/a><\/p>\n","protected":false},"author":1,"featured_media":0,"parent":0,"menu_order":0,"comment_status":"closed","ping_status":"closed","template":"","meta":{"footnotes":""},"class_list":["post-113","page","type-page","status-publish","hentry"],"_links":{"self":[{"href":"https:\/\/asso-antenne.fr\/index.php?rest_route=\/wp\/v2\/pages\/113","targetHints":{"allow":["GET"]}}],"collection":[{"href":"https:\/\/asso-antenne.fr\/index.php?rest_route=\/wp\/v2\/pages"}],"about":[{"href":"https:\/\/asso-antenne.fr\/index.php?rest_route=\/wp\/v2\/types\/page"}],"author":[{"embeddable":true,"href":"https:\/\/asso-antenne.fr\/index.php?rest_route=\/wp\/v2\/users\/1"}],"replies":[{"embeddable":true,"href":"https:\/\/asso-antenne.fr\/index.php?rest_route=%2Fwp%2Fv2%2Fcomments&post=113"}],"version-history":[{"count":3,"href":"https:\/\/asso-antenne.fr\/index.php?rest_route=\/wp\/v2\/pages\/113\/revisions"}],"predecessor-version":[{"id":303,"href":"https:\/\/asso-antenne.fr\/index.php?rest_route=\/wp\/v2\/pages\/113\/revisions\/303"}],"wp:attachment":[{"href":"https:\/\/asso-antenne.fr\/index.php?rest_route=%2Fwp%2Fv2%2Fmedia&parent=113"}],"curies":[{"name":"wp","href":"https:\/\/api.w.org\/{rel}","templated":true}]}}