{"id":105,"date":"2018-05-04T12:37:07","date_gmt":"2018-05-04T10:37:07","guid":{"rendered":"http:\/\/asso-antenne.fr\/?page_id=105"},"modified":"2018-05-09T14:00:24","modified_gmt":"2018-05-09T12:00:24","slug":"mission-insertion-sociale-et-professionnelle","status":"publish","type":"page","link":"https:\/\/asso-antenne.fr\/?page_id=105","title":{"rendered":"Mission Insertion Sociale et Professionnelle"},"content":{"rendered":"<p style=\"text-align: justify;\"><span style=\"font-family: arial, helvetica, sans-serif;\">Le si\u00e8ge administratif de l&rsquo;association se trouve sur le quartier gare de Strasbourg et se situe 9 rue d\u00e9serte depuis 1974. Ce lieu charg\u00e9 en histoire, abrite aujourd&rsquo;hui la Mission Insertion Sociale et Professionnelle \u00e0 travers diff\u00e9rents services qui interviennent plus sp\u00e9cifiquement aupr\u00e8s des personnes en situation de grande pr\u00e9carit\u00e9, sans domiciles fixes et\/ou sortant de prison ainsi que dans le cadre de la pr\u00e9vention des expulsions.<\/span><\/p>\n<p style=\"text-align: justify;\"><span style=\"font-family: arial, helvetica, sans-serif;\">Le travail mis en oeuvre vise d&rsquo;abord au r\u00e9tablissement du lien social, avant d&rsquo;entamer, au rythme des personnes, l&rsquo;\u00e9laboration d&rsquo;un projet de vie \u00e0 travers l&rsquo;accompagnement social et professionnel propos\u00e9. Pour les personnes qui le souhaitent, il y a \u00e9galement possibilit\u00e9 de mettre en oeuvre un travail th\u00e9rapeutique \u00e0 travers les rencontres avec la psychologue.<\/span><\/p>\n<p style=\"text-align: justify;\"><span style=\"font-family: arial, helvetica, sans-serif;\">La Mission Insertion Sociale et Professionnelle est constitu\u00e9e de 4 grands services :<\/span><\/p>\n<ul>\n<li style=\"text-align: justify;\"><a href=\"http:\/\/asso-antenne.fr\/?page_id=183\"><span style=\"font-family: arial, helvetica, sans-serif;\">Le Service Accueil<\/span><\/a><\/li>\n<li style=\"text-align: justify;\"><a href=\"http:\/\/asso-antenne.fr\/?page_id=186\"><span style=\"font-family: arial, helvetica, sans-serif;\">Le Service Accompagnement Social li\u00e9 au Revenu de Solidarit\u00e9 Active (S.A.S. &#8211; R.S.A.)<\/span><\/a><\/li>\n<li style=\"text-align: justify;\"><a href=\"http:\/\/asso-antenne.fr\/?page_id=191\"><span style=\"font-family: arial, helvetica, sans-serif;\">L&rsquo;Atelier Passerelle Inform&rsquo;Action<\/span><\/a><\/li>\n<li style=\"text-align: justify;\"><a href=\"http:\/\/asso-antenne.fr\/?page_id=195\"><span style=\"font-family: arial, helvetica, sans-serif;\">Le Service Accompagnement Social li\u00e9 au Fonds de Solidarit\u00e9 Logement (S.A.S. &#8211; F.S.L.)<\/span><\/a><\/li>\n<\/ul>\n","protected":false},"excerpt":{"rendered":"<p>Le si\u00e8ge administratif de l&rsquo;association se trouve sur le quartier gare de Strasbourg et se situe 9 rue d\u00e9serte depuis 1974. Ce lieu charg\u00e9 en histoire, abrite aujourd&rsquo;hui la Mission Insertion Sociale et Professionnelle \u00e0 travers diff\u00e9rents services qui interviennent&hellip;&nbsp;<a href=\"https:\/\/asso-antenne.fr\/?page_id=105\" class=\"more-link\">Lire la suite<\/a><\/p>\n","protected":false},"author":1,"featured_media":0,"parent":0,"menu_order":0,"comment_status":"closed","ping_status":"closed","template":"","meta":{"footnotes":""},"class_list":["post-105","page","type-page","status-publish","hentry"],"_links":{"self":[{"href":"https:\/\/asso-antenne.fr\/index.php?rest_route=\/wp\/v2\/pages\/105","targetHints":{"allow":["GET"]}}],"collection":[{"href":"https:\/\/asso-antenne.fr\/index.php?rest_route=\/wp\/v2\/pages"}],"about":[{"href":"https:\/\/asso-antenne.fr\/index.php?rest_route=\/wp\/v2\/types\/page"}],"author":[{"embeddable":true,"href":"https:\/\/asso-antenne.fr\/index.php?rest_route=\/wp\/v2\/users\/1"}],"replies":[{"embeddable":true,"href":"https:\/\/asso-antenne.fr\/index.php?rest_route=%2Fwp%2Fv2%2Fcomments&post=105"}],"version-history":[{"count":8,"href":"https:\/\/asso-antenne.fr\/index.php?rest_route=\/wp\/v2\/pages\/105\/revisions"}],"predecessor-version":[{"id":214,"href":"https:\/\/asso-antenne.fr\/index.php?rest_route=\/wp\/v2\/pages\/105\/revisions\/214"}],"wp:attachment":[{"href":"https:\/\/asso-antenne.fr\/index.php?rest_route=%2Fwp%2Fv2%2Fmedia&parent=105"}],"curies":[{"name":"wp","href":"https:\/\/api.w.org\/{rel}","templated":true}]}}